{"id":3481,"date":"2024-04-01T08:51:54","date_gmt":"2024-04-01T08:51:54","guid":{"rendered":"https:\/\/ddamascatering.com\/politica-de-cookies\/"},"modified":"2025-06-16T08:35:58","modified_gmt":"2025-06-16T08:35:58","slug":"politica-de-cookies","status":"publish","type":"page","link":"https:\/\/ddamascatering.com\/ca\/politica-de-cookies\/","title":{"rendered":"Pol\u00edtica de cookies"},"content":{"rendered":"\t\t<div data-elementor-type=\"wp-page\" data-elementor-id=\"3481\" class=\"elementor elementor-3481 elementor-6\" data-elementor-post-type=\"page\">\n\t\t\t\t<div class=\"elementor-element elementor-element-562fd6aa e-flex e-con-boxed e-con e-parent\" data-id=\"562fd6aa\" data-element_type=\"container\" data-e-type=\"container\">\n\t\t\t\t\t<div class=\"e-con-inner\">\n\t\t\t\t<div class=\"elementor-element elementor-element-8966769 elementor-widget elementor-widget-text-editor\" data-id=\"8966769\" data-element_type=\"widget\" data-e-type=\"widget\" data-widget_type=\"text-editor.default\">\n\t\t\t\t<div class=\"elementor-widget-container\">\n\t\t\t\t\t\t\t\t\t\n<p><strong>POL\u00cdTICA DE COOKIES<\/strong><br><br>https:\/\/ddamascatering.com\/<br>L&#8217;acc\u00e9s a aquest lloc web pot implicar la utilitzaci\u00f3 de galetes. Les galetes s\u00f3n petites quantitats d&#8217;informaci\u00f3 que s&#8217;emmagatzemen al navegador utilitzat per cada usuari \u2013en els diferents dispositius que pugui utilitzar per navegar\u2013 perqu\u00e8 el servidor recordi certa informaci\u00f3 que posteriorment i \u00fanicament el servidor que la va implementar llegir\u00e0. Les galetes faciliten la navegaci\u00f3, la fan m\u00e9s amigable, i no fan malb\u00e9 el dispositiu de navegaci\u00f3.  <\/p>\n\n\n\n<p>Les cookies s\u00f3n procediments autom\u00e0tics de recollida d&#8217;informaci\u00f3 relativa a les prefer\u00e8ncies determinades per l&#8217;Usuari durant la visita al lloc web per tal de recon\u00e8ixer-lo com a usuari, i personalitzar la seva experi\u00e8ncia i l&#8217;\u00fas del lloc web, i tamb\u00e9 poden, per exemple, ajudar a identificar i resoldre errors.<\/p>\n\n\n\n<p>La informaci\u00f3 recollida a trav\u00e9s de les galetes pot incloure la data i hora de visites al lloc web, les p\u00e0gines visionades, el temps que ha estat al lloc web i els llocs visitats just abans i despr\u00e9s. Tot i aix\u00f2, cap galeta permet que aquesta mateixa pugui contactar amb el n\u00famero de tel\u00e8fon de l&#8217;Usuari o amb qualsevol altre mitj\u00e0 de contacte personal. Cap galeta no pot extreure informaci\u00f3 del disc dur de l&#8217;Usuari o robar informaci\u00f3 personal. L&#8217;\u00fanica manera que la informaci\u00f3 privada de l&#8217;Usuari formi part del fitxer Cookie \u00e9s que l&#8217;usuari doni personalment aquesta informaci\u00f3 al servidor.   <\/p>\n\n\n\n<p>Les galetes que permeten identificar una persona es consideren dades personals. Per tant, a les mateixes els ser\u00e0 aplicable la Pol\u00edtica de Privadesa anteriorment descrita. En aquest sentit, per utilitzar-les ser\u00e0 necessari el consentiment de l&#8217;Usuari. Aquest consentiment ser\u00e0 comunicat, en base a una elecci\u00f3 aut\u00e8ntica, ofert mitjan\u00e7ant una decisi\u00f3 afirmativa i positiva, abans del tractament inicial, removible i documentat.   <\/p>\n\n\n\n<p><strong>Cookies pr\u00f2pies<\/strong><br><br>S\u00f3n aquelles galetes que s\u00f3n enviades a l&#8217;ordinador o dispositiu de l&#8217;usuari i gestionades exclusivament per Damas Catering per al millor funcionament del lloc web. La informaci\u00f3 que es recull s&#8217;empra per millorar la qualitat del lloc web i el seu contingut i la seva experi\u00e8ncia com a usuari. Aquestes cookies permeten recon\u00e8ixer l&#8217;usuari com a visitant recurrent del lloc web i adaptar el contingut per oferir continguts que s&#8217;ajustin a les seves prefer\u00e8ncies.  <\/p>\n\n\n\n<p><strong>Galetes de xarxes socials<\/strong><br><br>Damas Catering incorpora plugins de xarxes socials, que permeten accedir-hi a partir del lloc web. Per aquesta ra\u00f3, les galetes de xarxes socials es poden emmagatzemar al navegador de l&#8217;usuari. Els titulars de les xarxes socials esmentades disposen de les seves pr\u00f2pies pol\u00edtiques de protecci\u00f3 de dades i de cookies, sent ells mateixos, en cada cas, responsables dels seus propis fitxers i de les seves pr\u00f2pies pr\u00e0ctiques de privadesa. L&#8217;usuari ha de referir-s&#8217;hi per informar-se sobre aquestes galetes i, si escau, del tractament de les seves dades personals. \u00danicament a t\u00edtol informatiu s&#8217;indiquen a continuaci\u00f3 els enlla\u00e7os en qu\u00e8 es poden consultar aquestes pol\u00edtiques de privadesa i\/o de cookies:    <\/p>\n\n\n\n<p>Facebook: https:\/\/www.facebook.com\/policies\/cookies\/<br>Twitter: https:\/\/twitter.com\/es\/privacy<br>Instagram: https:\/\/help.instagram.com\/1896641480634370?ref=ig<br>YouTube: https:\/\/policies.google.com\/privacy?hl=ca-419&amp;gl=mx<br>Pinterest: https:\/\/policy.pinterest.com\/es\/privacy-policy<br>LinkedIn: https:\/\/www.linkedin.com\/legal\/cookie-policy?trk=hp-cookies<br>Deshabilitar, rebutjar i eliminar cookies<br>L&#8217;Usuari pot deshabilitar, rebutjar i eliminar les cookies \u2014totalment o parcialment\u2014 instal\u00b7lades al dispositiu mitjan\u00e7ant la configuraci\u00f3 del vostre navegador (entre els quals es troben, per exemple, Chrome, Firefox, Safari, Explorer). En aquest sentit, els procediments per rebutjar i eliminar les galetes poden diferir d&#8217;un navegador d&#8217;Internet a un altre. En conseq\u00fc\u00e8ncia, l&#8217;usuari ha d&#8217;acudir a les instruccions facilitades pel navegador d&#8217;Internet que utilitzi. En cas que rebutgi l&#8217;\u00fas de cookies \u2014totalment o parcialment\u2014 podr\u00e0 continuar usant el lloc web, si b\u00e9 podr\u00e0 tenir limitada la utilitzaci\u00f3 d&#8217;algunes de les prestacions del mateix.   <\/p>\n\n\n\n<p><\/p>\n\t\t\t\t\t\t\t\t<\/div>\n\t\t\t\t<\/div>\n\t\t\t\t\t<\/div>\n\t\t\t\t<\/div>\n\t\t\t\t<\/div>\n\t\t","protected":false},"excerpt":{"rendered":"<p>POL\u00cdTICA DE COOKIES https:\/\/ddamascatering.com\/L&#8217;acc\u00e9s a aquest lloc web pot implicar la utilitzaci\u00f3 de galetes. Les galetes s\u00f3n petites quantitats d&#8217;informaci\u00f3 que s&#8217;emmagatzemen al navegador utilitzat per cada usuari \u2013en els diferents dispositius que pugui utilitzar per navegar\u2013 perqu\u00e8 el servidor recordi certa informaci\u00f3 que posteriorment i \u00fanicament el servidor que la va implementar llegir\u00e0. Les [&hellip;]<\/p>\n","protected":false},"author":3,"featured_media":0,"parent":0,"menu_order":0,"comment_status":"closed","ping_status":"closed","template":"","meta":{"_joinchat":[],"footnotes":""},"class_list":["post-3481","page","type-page","status-publish","hentry"],"yoast_head":"<!-- This site is optimized with the Yoast SEO plugin v27.4 - https:\/\/yoast.com\/product\/yoast-seo-wordpress\/ -->\n<title>Pol\u00edtica de cookies - Ddamas Catering<\/title>\n<meta name=\"robots\" content=\"noindex, nofollow\" \/>\n<meta property=\"og:locale\" content=\"ca_ES\" \/>\n<meta property=\"og:type\" content=\"article\" \/>\n<meta property=\"og:title\" content=\"Pol\u00edtica de cookies - Ddamas Catering\" \/>\n<meta property=\"og:description\" content=\"POL\u00cdTICA DE COOKIES https:\/\/ddamascatering.com\/L&#8217;acc\u00e9s a aquest lloc web pot implicar la utilitzaci\u00f3 de galetes. Les galetes s\u00f3n petites quantitats d&#8217;informaci\u00f3 que s&#8217;emmagatzemen al navegador utilitzat per cada usuari \u2013en els diferents dispositius que pugui utilitzar per navegar\u2013 perqu\u00e8 el servidor recordi certa informaci\u00f3 que posteriorment i \u00fanicament el servidor que la va implementar llegir\u00e0. Les [&hellip;]\" \/>\n<meta property=\"og:url\" content=\"https:\/\/ddamascatering.com\/ca\/politica-de-cookies\/\" \/>\n<meta property=\"og:site_name\" content=\"Ddamas Catering\" \/>\n<meta property=\"article:publisher\" content=\"https:\/\/www.facebook.com\/DDamasCatering\/\" \/>\n<meta property=\"article:modified_time\" content=\"2025-06-16T08:35:58+00:00\" \/>\n<meta property=\"og:image\" content=\"https:\/\/ddamascatering.com\/wp-content\/uploads\/2024\/04\/cropped-logo-grande.png\" \/>\n\t<meta property=\"og:image:width\" content=\"998\" \/>\n\t<meta property=\"og:image:height\" content=\"998\" \/>\n\t<meta property=\"og:image:type\" content=\"image\/png\" \/>\n<meta name=\"twitter:card\" content=\"summary_large_image\" \/>\n<meta name=\"twitter:label1\" content=\"Temps estimat de lectura\" \/>\n\t<meta name=\"twitter:data1\" content=\"3 minuts\" \/>\n<script type=\"application\/ld+json\" class=\"yoast-schema-graph\">{\"@context\":\"https:\\\/\\\/schema.org\",\"@graph\":[{\"@type\":\"WebPage\",\"@id\":\"https:\\\/\\\/ddamascatering.com\\\/ca\\\/politica-de-cookies\\\/\",\"url\":\"https:\\\/\\\/ddamascatering.com\\\/ca\\\/politica-de-cookies\\\/\",\"name\":\"Pol\u00edtica de cookies - Ddamas Catering\",\"isPartOf\":{\"@id\":\"https:\\\/\\\/ddamascatering.com\\\/ca\\\/#website\"},\"datePublished\":\"2024-04-01T08:51:54+00:00\",\"dateModified\":\"2025-06-16T08:35:58+00:00\",\"breadcrumb\":{\"@id\":\"https:\\\/\\\/ddamascatering.com\\\/ca\\\/politica-de-cookies\\\/#breadcrumb\"},\"inLanguage\":\"ca\",\"potentialAction\":[{\"@type\":\"ReadAction\",\"target\":[\"https:\\\/\\\/ddamascatering.com\\\/ca\\\/politica-de-cookies\\\/\"]}]},{\"@type\":\"BreadcrumbList\",\"@id\":\"https:\\\/\\\/ddamascatering.com\\\/ca\\\/politica-de-cookies\\\/#breadcrumb\",\"itemListElement\":[{\"@type\":\"ListItem\",\"position\":1,\"name\":\"Home\",\"item\":\"https:\\\/\\\/ddamascatering.com\\\/ca\\\/\"},{\"@type\":\"ListItem\",\"position\":2,\"name\":\"Pol\u00edtica de cookies\"}]},{\"@type\":\"WebSite\",\"@id\":\"https:\\\/\\\/ddamascatering.com\\\/ca\\\/#website\",\"url\":\"https:\\\/\\\/ddamascatering.com\\\/ca\\\/\",\"name\":\"Ddamas Catering\",\"description\":\"Catering para fiestas, bodas y empresas\",\"publisher\":{\"@id\":\"https:\\\/\\\/ddamascatering.com\\\/ca\\\/#organization\"},\"alternateName\":\"Catering Ddamas\",\"potentialAction\":[{\"@type\":\"SearchAction\",\"target\":{\"@type\":\"EntryPoint\",\"urlTemplate\":\"https:\\\/\\\/ddamascatering.com\\\/ca\\\/?s={search_term_string}\"},\"query-input\":{\"@type\":\"PropertyValueSpecification\",\"valueRequired\":true,\"valueName\":\"search_term_string\"}}],\"inLanguage\":\"ca\"},{\"@type\":\"Organization\",\"@id\":\"https:\\\/\\\/ddamascatering.com\\\/ca\\\/#organization\",\"name\":\"Ddamas Catering\",\"url\":\"https:\\\/\\\/ddamascatering.com\\\/ca\\\/\",\"logo\":{\"@type\":\"ImageObject\",\"inLanguage\":\"ca\",\"@id\":\"https:\\\/\\\/ddamascatering.com\\\/ca\\\/#\\\/schema\\\/logo\\\/image\\\/\",\"url\":\"https:\\\/\\\/ddamascatering.com\\\/wp-content\\\/uploads\\\/2024\\\/04\\\/cropped-logo-grande.png\",\"contentUrl\":\"https:\\\/\\\/ddamascatering.com\\\/wp-content\\\/uploads\\\/2024\\\/04\\\/cropped-logo-grande.png\",\"width\":998,\"height\":998,\"caption\":\"Ddamas Catering\"},\"image\":{\"@id\":\"https:\\\/\\\/ddamascatering.com\\\/ca\\\/#\\\/schema\\\/logo\\\/image\\\/\"},\"sameAs\":[\"https:\\\/\\\/www.facebook.com\\\/DDamasCatering\\\/\",\"https:\\\/\\\/www.instagram.com\\\/catering_ddamas\"]}]}<\/script>\n<!-- \/ Yoast SEO plugin. -->","yoast_head_json":{"title":"Pol\u00edtica de cookies - Ddamas Catering","robots":{"index":"noindex","follow":"nofollow"},"og_locale":"ca_ES","og_type":"article","og_title":"Pol\u00edtica de cookies - Ddamas Catering","og_description":"POL\u00cdTICA DE COOKIES https:\/\/ddamascatering.com\/L&#8217;acc\u00e9s a aquest lloc web pot implicar la utilitzaci\u00f3 de galetes. Les galetes s\u00f3n petites quantitats d&#8217;informaci\u00f3 que s&#8217;emmagatzemen al navegador utilitzat per cada usuari \u2013en els diferents dispositius que pugui utilitzar per navegar\u2013 perqu\u00e8 el servidor recordi certa informaci\u00f3 que posteriorment i \u00fanicament el servidor que la va implementar llegir\u00e0. Les [&hellip;]","og_url":"https:\/\/ddamascatering.com\/ca\/politica-de-cookies\/","og_site_name":"Ddamas Catering","article_publisher":"https:\/\/www.facebook.com\/DDamasCatering\/","article_modified_time":"2025-06-16T08:35:58+00:00","og_image":[{"width":998,"height":998,"url":"https:\/\/ddamascatering.com\/wp-content\/uploads\/2024\/04\/cropped-logo-grande.png","type":"image\/png"}],"twitter_card":"summary_large_image","twitter_misc":{"Temps estimat de lectura":"3 minuts"},"schema":{"@context":"https:\/\/schema.org","@graph":[{"@type":"WebPage","@id":"https:\/\/ddamascatering.com\/ca\/politica-de-cookies\/","url":"https:\/\/ddamascatering.com\/ca\/politica-de-cookies\/","name":"Pol\u00edtica de cookies - Ddamas Catering","isPartOf":{"@id":"https:\/\/ddamascatering.com\/ca\/#website"},"datePublished":"2024-04-01T08:51:54+00:00","dateModified":"2025-06-16T08:35:58+00:00","breadcrumb":{"@id":"https:\/\/ddamascatering.com\/ca\/politica-de-cookies\/#breadcrumb"},"inLanguage":"ca","potentialAction":[{"@type":"ReadAction","target":["https:\/\/ddamascatering.com\/ca\/politica-de-cookies\/"]}]},{"@type":"BreadcrumbList","@id":"https:\/\/ddamascatering.com\/ca\/politica-de-cookies\/#breadcrumb","itemListElement":[{"@type":"ListItem","position":1,"name":"Home","item":"https:\/\/ddamascatering.com\/ca\/"},{"@type":"ListItem","position":2,"name":"Pol\u00edtica de cookies"}]},{"@type":"WebSite","@id":"https:\/\/ddamascatering.com\/ca\/#website","url":"https:\/\/ddamascatering.com\/ca\/","name":"Ddamas Catering","description":"Catering para fiestas, bodas y empresas","publisher":{"@id":"https:\/\/ddamascatering.com\/ca\/#organization"},"alternateName":"Catering Ddamas","potentialAction":[{"@type":"SearchAction","target":{"@type":"EntryPoint","urlTemplate":"https:\/\/ddamascatering.com\/ca\/?s={search_term_string}"},"query-input":{"@type":"PropertyValueSpecification","valueRequired":true,"valueName":"search_term_string"}}],"inLanguage":"ca"},{"@type":"Organization","@id":"https:\/\/ddamascatering.com\/ca\/#organization","name":"Ddamas Catering","url":"https:\/\/ddamascatering.com\/ca\/","logo":{"@type":"ImageObject","inLanguage":"ca","@id":"https:\/\/ddamascatering.com\/ca\/#\/schema\/logo\/image\/","url":"https:\/\/ddamascatering.com\/wp-content\/uploads\/2024\/04\/cropped-logo-grande.png","contentUrl":"https:\/\/ddamascatering.com\/wp-content\/uploads\/2024\/04\/cropped-logo-grande.png","width":998,"height":998,"caption":"Ddamas Catering"},"image":{"@id":"https:\/\/ddamascatering.com\/ca\/#\/schema\/logo\/image\/"},"sameAs":["https:\/\/www.facebook.com\/DDamasCatering\/","https:\/\/www.instagram.com\/catering_ddamas"]}]}},"_links":{"self":[{"href":"https:\/\/ddamascatering.com\/ca\/wp-json\/wp\/v2\/pages\/3481","targetHints":{"allow":["GET"]}}],"collection":[{"href":"https:\/\/ddamascatering.com\/ca\/wp-json\/wp\/v2\/pages"}],"about":[{"href":"https:\/\/ddamascatering.com\/ca\/wp-json\/wp\/v2\/types\/page"}],"author":[{"embeddable":true,"href":"https:\/\/ddamascatering.com\/ca\/wp-json\/wp\/v2\/users\/3"}],"replies":[{"embeddable":true,"href":"https:\/\/ddamascatering.com\/ca\/wp-json\/wp\/v2\/comments?post=3481"}],"version-history":[{"count":3,"href":"https:\/\/ddamascatering.com\/ca\/wp-json\/wp\/v2\/pages\/3481\/revisions"}],"predecessor-version":[{"id":3484,"href":"https:\/\/ddamascatering.com\/ca\/wp-json\/wp\/v2\/pages\/3481\/revisions\/3484"}],"wp:attachment":[{"href":"https:\/\/ddamascatering.com\/ca\/wp-json\/wp\/v2\/media?parent=3481"}],"curies":[{"name":"wp","href":"https:\/\/api.w.org\/{rel}","templated":true}]}}