{"id":3467,"date":"2024-04-01T09:14:14","date_gmt":"2024-04-01T09:14:14","guid":{"rendered":"https:\/\/ddamascatering.com\/declaracio-daccessibilitat\/"},"modified":"2025-06-16T08:35:50","modified_gmt":"2025-06-16T08:35:50","slug":"declaracio-daccessibilitat","status":"publish","type":"page","link":"https:\/\/ddamascatering.com\/ca\/declaracio-daccessibilitat\/","title":{"rendered":"Declaraci\u00f3 d&#8217;accessibilitat"},"content":{"rendered":"\t\t<div data-elementor-type=\"wp-page\" data-elementor-id=\"3467\" class=\"elementor elementor-3467 elementor-18\" data-elementor-post-type=\"page\">\n\t\t\t\t<div class=\"elementor-element elementor-element-34f55394 e-flex e-con-boxed e-con e-parent\" data-id=\"34f55394\" data-element_type=\"container\" data-e-type=\"container\">\n\t\t\t\t\t<div class=\"e-con-inner\">\n\t\t<div class=\"elementor-element elementor-element-02f80eb e-flex e-con-boxed e-con e-child\" data-id=\"02f80eb\" data-element_type=\"container\" data-e-type=\"container\">\n\t\t\t\t\t<div class=\"e-con-inner\">\n\t\t\t\t<div class=\"elementor-element elementor-element-bc24728 elementor-widget elementor-widget-text-editor\" data-id=\"bc24728\" data-element_type=\"widget\" data-e-type=\"widget\" data-widget_type=\"text-editor.default\">\n\t\t\t\t<div class=\"elementor-widget-container\">\n\t\t\t\t\t\t\t\t\t\n<p>L&#8217;organisme Damas Catering, amb NIF: 71029161D s&#8217;ha comprom\u00e8s a fer accessible el lloc web ddamascatering.com de conformitat amb el Reial decret 1112\/2018, de 7 de setembre, sobre accessibilitat dels llocs web i aplicacions per a dispositius m\u00f2bils del sector p\u00fablic .<\/p>\n\n\n\n<p>Aquesta declaraci\u00f3 d&#8217;accessibilitat s&#8217;aplica al lloc web electricidadmarivent.com Aquest lloc web \u00e9s plenament conforme a RD 1112\/2018.<\/p>\n\n\n\n<p>Aquesta declaraci\u00f3 va ser preparada el 2 dabril de 2024. El m\u00e8tode emprat per preparar la declaraci\u00f3 ha estat una autoavaluaci\u00f3 duta a terme pel mateix organisme.<\/p>\n\n\n\n<p>\u00daltima revisi\u00f3 de la declaraci\u00f3: 2 d&#8217;abril de 2024<\/p>\n\t\t\t\t\t\t\t\t<\/div>\n\t\t\t\t<\/div>\n\t\t\t\t\t<\/div>\n\t\t\t\t<\/div>\n\t\t\t\t\t<\/div>\n\t\t\t\t<\/div>\n\t\t\t\t<\/div>\n\t\t","protected":false},"excerpt":{"rendered":"<p>L&#8217;organisme Damas Catering, amb NIF: 71029161D s&#8217;ha comprom\u00e8s a fer accessible el lloc web ddamascatering.com de conformitat amb el Reial decret 1112\/2018, de 7 de setembre, sobre accessibilitat dels llocs web i aplicacions per a dispositius m\u00f2bils del sector p\u00fablic . Aquesta declaraci\u00f3 d&#8217;accessibilitat s&#8217;aplica al lloc web electricidadmarivent.com Aquest lloc web \u00e9s plenament conforme [&hellip;]<\/p>\n","protected":false},"author":3,"featured_media":0,"parent":0,"menu_order":0,"comment_status":"closed","ping_status":"closed","template":"","meta":{"_joinchat":[],"footnotes":""},"class_list":["post-3467","page","type-page","status-publish","hentry"],"yoast_head":"<!-- This site is optimized with the Yoast SEO plugin v27.4 - https:\/\/yoast.com\/product\/yoast-seo-wordpress\/ -->\n<title>Declaraci\u00f3 d&#039;accessibilitat - Ddamas Catering<\/title>\n<meta name=\"robots\" content=\"index, follow, max-snippet:-1, max-image-preview:large, max-video-preview:-1\" \/>\n<link rel=\"canonical\" href=\"https:\/\/ddamascatering.com\/ca\/declaracio-daccessibilitat\/\" \/>\n<meta property=\"og:locale\" content=\"ca_ES\" \/>\n<meta property=\"og:type\" content=\"article\" \/>\n<meta property=\"og:title\" content=\"Declaraci\u00f3 d&#039;accessibilitat - Ddamas Catering\" \/>\n<meta property=\"og:description\" content=\"L&#8217;organisme Damas Catering, amb NIF: 71029161D s&#8217;ha comprom\u00e8s a fer accessible el lloc web ddamascatering.com de conformitat amb el Reial decret 1112\/2018, de 7 de setembre, sobre accessibilitat dels llocs web i aplicacions per a dispositius m\u00f2bils del sector p\u00fablic . Aquesta declaraci\u00f3 d&#8217;accessibilitat s&#8217;aplica al lloc web electricidadmarivent.com Aquest lloc web \u00e9s plenament conforme [&hellip;]\" \/>\n<meta property=\"og:url\" content=\"https:\/\/ddamascatering.com\/ca\/declaracio-daccessibilitat\/\" \/>\n<meta property=\"og:site_name\" content=\"Ddamas Catering\" \/>\n<meta property=\"article:publisher\" content=\"https:\/\/www.facebook.com\/DDamasCatering\/\" \/>\n<meta property=\"article:modified_time\" content=\"2025-06-16T08:35:50+00:00\" \/>\n<meta property=\"og:image\" content=\"https:\/\/ddamascatering.com\/wp-content\/uploads\/2024\/04\/cropped-logo-grande.png\" \/>\n\t<meta property=\"og:image:width\" content=\"998\" \/>\n\t<meta property=\"og:image:height\" content=\"998\" \/>\n\t<meta property=\"og:image:type\" content=\"image\/png\" \/>\n<meta name=\"twitter:card\" content=\"summary_large_image\" \/>\n<meta name=\"twitter:label1\" content=\"Temps estimat de lectura\" \/>\n\t<meta name=\"twitter:data1\" content=\"1 minut\" \/>\n<script type=\"application\/ld+json\" class=\"yoast-schema-graph\">{\"@context\":\"https:\\\/\\\/schema.org\",\"@graph\":[{\"@type\":\"WebPage\",\"@id\":\"https:\\\/\\\/ddamascatering.com\\\/ca\\\/declaracio-daccessibilitat\\\/\",\"url\":\"https:\\\/\\\/ddamascatering.com\\\/ca\\\/declaracio-daccessibilitat\\\/\",\"name\":\"Declaraci\u00f3 d'accessibilitat - Ddamas Catering\",\"isPartOf\":{\"@id\":\"https:\\\/\\\/ddamascatering.com\\\/ca\\\/#website\"},\"datePublished\":\"2024-04-01T09:14:14+00:00\",\"dateModified\":\"2025-06-16T08:35:50+00:00\",\"breadcrumb\":{\"@id\":\"https:\\\/\\\/ddamascatering.com\\\/ca\\\/declaracio-daccessibilitat\\\/#breadcrumb\"},\"inLanguage\":\"ca\",\"potentialAction\":[{\"@type\":\"ReadAction\",\"target\":[\"https:\\\/\\\/ddamascatering.com\\\/ca\\\/declaracio-daccessibilitat\\\/\"]}]},{\"@type\":\"BreadcrumbList\",\"@id\":\"https:\\\/\\\/ddamascatering.com\\\/ca\\\/declaracio-daccessibilitat\\\/#breadcrumb\",\"itemListElement\":[{\"@type\":\"ListItem\",\"position\":1,\"name\":\"Home\",\"item\":\"https:\\\/\\\/ddamascatering.com\\\/ca\\\/\"},{\"@type\":\"ListItem\",\"position\":2,\"name\":\"Declaraci\u00f3 d&#8217;accessibilitat\"}]},{\"@type\":\"WebSite\",\"@id\":\"https:\\\/\\\/ddamascatering.com\\\/ca\\\/#website\",\"url\":\"https:\\\/\\\/ddamascatering.com\\\/ca\\\/\",\"name\":\"Ddamas Catering\",\"description\":\"Catering para fiestas, bodas y empresas\",\"publisher\":{\"@id\":\"https:\\\/\\\/ddamascatering.com\\\/ca\\\/#organization\"},\"alternateName\":\"Catering Ddamas\",\"potentialAction\":[{\"@type\":\"SearchAction\",\"target\":{\"@type\":\"EntryPoint\",\"urlTemplate\":\"https:\\\/\\\/ddamascatering.com\\\/ca\\\/?s={search_term_string}\"},\"query-input\":{\"@type\":\"PropertyValueSpecification\",\"valueRequired\":true,\"valueName\":\"search_term_string\"}}],\"inLanguage\":\"ca\"},{\"@type\":\"Organization\",\"@id\":\"https:\\\/\\\/ddamascatering.com\\\/ca\\\/#organization\",\"name\":\"Ddamas Catering\",\"url\":\"https:\\\/\\\/ddamascatering.com\\\/ca\\\/\",\"logo\":{\"@type\":\"ImageObject\",\"inLanguage\":\"ca\",\"@id\":\"https:\\\/\\\/ddamascatering.com\\\/ca\\\/#\\\/schema\\\/logo\\\/image\\\/\",\"url\":\"https:\\\/\\\/ddamascatering.com\\\/wp-content\\\/uploads\\\/2024\\\/04\\\/cropped-logo-grande.png\",\"contentUrl\":\"https:\\\/\\\/ddamascatering.com\\\/wp-content\\\/uploads\\\/2024\\\/04\\\/cropped-logo-grande.png\",\"width\":998,\"height\":998,\"caption\":\"Ddamas Catering\"},\"image\":{\"@id\":\"https:\\\/\\\/ddamascatering.com\\\/ca\\\/#\\\/schema\\\/logo\\\/image\\\/\"},\"sameAs\":[\"https:\\\/\\\/www.facebook.com\\\/DDamasCatering\\\/\",\"https:\\\/\\\/www.instagram.com\\\/catering_ddamas\"]}]}<\/script>\n<!-- \/ Yoast SEO plugin. -->","yoast_head_json":{"title":"Declaraci\u00f3 d'accessibilitat - Ddamas Catering","robots":{"index":"index","follow":"follow","max-snippet":"max-snippet:-1","max-image-preview":"max-image-preview:large","max-video-preview":"max-video-preview:-1"},"canonical":"https:\/\/ddamascatering.com\/ca\/declaracio-daccessibilitat\/","og_locale":"ca_ES","og_type":"article","og_title":"Declaraci\u00f3 d'accessibilitat - Ddamas Catering","og_description":"L&#8217;organisme Damas Catering, amb NIF: 71029161D s&#8217;ha comprom\u00e8s a fer accessible el lloc web ddamascatering.com de conformitat amb el Reial decret 1112\/2018, de 7 de setembre, sobre accessibilitat dels llocs web i aplicacions per a dispositius m\u00f2bils del sector p\u00fablic . Aquesta declaraci\u00f3 d&#8217;accessibilitat s&#8217;aplica al lloc web electricidadmarivent.com Aquest lloc web \u00e9s plenament conforme [&hellip;]","og_url":"https:\/\/ddamascatering.com\/ca\/declaracio-daccessibilitat\/","og_site_name":"Ddamas Catering","article_publisher":"https:\/\/www.facebook.com\/DDamasCatering\/","article_modified_time":"2025-06-16T08:35:50+00:00","og_image":[{"width":998,"height":998,"url":"https:\/\/ddamascatering.com\/wp-content\/uploads\/2024\/04\/cropped-logo-grande.png","type":"image\/png"}],"twitter_card":"summary_large_image","twitter_misc":{"Temps estimat de lectura":"1 minut"},"schema":{"@context":"https:\/\/schema.org","@graph":[{"@type":"WebPage","@id":"https:\/\/ddamascatering.com\/ca\/declaracio-daccessibilitat\/","url":"https:\/\/ddamascatering.com\/ca\/declaracio-daccessibilitat\/","name":"Declaraci\u00f3 d'accessibilitat - Ddamas Catering","isPartOf":{"@id":"https:\/\/ddamascatering.com\/ca\/#website"},"datePublished":"2024-04-01T09:14:14+00:00","dateModified":"2025-06-16T08:35:50+00:00","breadcrumb":{"@id":"https:\/\/ddamascatering.com\/ca\/declaracio-daccessibilitat\/#breadcrumb"},"inLanguage":"ca","potentialAction":[{"@type":"ReadAction","target":["https:\/\/ddamascatering.com\/ca\/declaracio-daccessibilitat\/"]}]},{"@type":"BreadcrumbList","@id":"https:\/\/ddamascatering.com\/ca\/declaracio-daccessibilitat\/#breadcrumb","itemListElement":[{"@type":"ListItem","position":1,"name":"Home","item":"https:\/\/ddamascatering.com\/ca\/"},{"@type":"ListItem","position":2,"name":"Declaraci\u00f3 d&#8217;accessibilitat"}]},{"@type":"WebSite","@id":"https:\/\/ddamascatering.com\/ca\/#website","url":"https:\/\/ddamascatering.com\/ca\/","name":"Ddamas Catering","description":"Catering para fiestas, bodas y empresas","publisher":{"@id":"https:\/\/ddamascatering.com\/ca\/#organization"},"alternateName":"Catering Ddamas","potentialAction":[{"@type":"SearchAction","target":{"@type":"EntryPoint","urlTemplate":"https:\/\/ddamascatering.com\/ca\/?s={search_term_string}"},"query-input":{"@type":"PropertyValueSpecification","valueRequired":true,"valueName":"search_term_string"}}],"inLanguage":"ca"},{"@type":"Organization","@id":"https:\/\/ddamascatering.com\/ca\/#organization","name":"Ddamas Catering","url":"https:\/\/ddamascatering.com\/ca\/","logo":{"@type":"ImageObject","inLanguage":"ca","@id":"https:\/\/ddamascatering.com\/ca\/#\/schema\/logo\/image\/","url":"https:\/\/ddamascatering.com\/wp-content\/uploads\/2024\/04\/cropped-logo-grande.png","contentUrl":"https:\/\/ddamascatering.com\/wp-content\/uploads\/2024\/04\/cropped-logo-grande.png","width":998,"height":998,"caption":"Ddamas Catering"},"image":{"@id":"https:\/\/ddamascatering.com\/ca\/#\/schema\/logo\/image\/"},"sameAs":["https:\/\/www.facebook.com\/DDamasCatering\/","https:\/\/www.instagram.com\/catering_ddamas"]}]}},"_links":{"self":[{"href":"https:\/\/ddamascatering.com\/ca\/wp-json\/wp\/v2\/pages\/3467","targetHints":{"allow":["GET"]}}],"collection":[{"href":"https:\/\/ddamascatering.com\/ca\/wp-json\/wp\/v2\/pages"}],"about":[{"href":"https:\/\/ddamascatering.com\/ca\/wp-json\/wp\/v2\/types\/page"}],"author":[{"embeddable":true,"href":"https:\/\/ddamascatering.com\/ca\/wp-json\/wp\/v2\/users\/3"}],"replies":[{"embeddable":true,"href":"https:\/\/ddamascatering.com\/ca\/wp-json\/wp\/v2\/comments?post=3467"}],"version-history":[{"count":3,"href":"https:\/\/ddamascatering.com\/ca\/wp-json\/wp\/v2\/pages\/3467\/revisions"}],"predecessor-version":[{"id":3470,"href":"https:\/\/ddamascatering.com\/ca\/wp-json\/wp\/v2\/pages\/3467\/revisions\/3470"}],"wp:attachment":[{"href":"https:\/\/ddamascatering.com\/ca\/wp-json\/wp\/v2\/media?parent=3467"}],"curies":[{"name":"wp","href":"https:\/\/api.w.org\/{rel}","templated":true}]}}