{"id":3465,"date":"2024-04-01T09:20:53","date_gmt":"2024-04-01T09:20:53","guid":{"rendered":"https:\/\/ddamascatering.com\/contacte\/"},"modified":"2026-04-14T09:14:41","modified_gmt":"2026-04-14T09:14:41","slug":"contacte","status":"publish","type":"page","link":"https:\/\/ddamascatering.com\/ca\/contacte\/","title":{"rendered":"Contacte"},"content":{"rendered":"\t\t<div data-elementor-type=\"wp-page\" data-elementor-id=\"3465\" class=\"elementor elementor-3465 elementor-20\" data-elementor-post-type=\"page\">\n\t\t\t\t\t\t<section class=\"elementor-section elementor-top-section elementor-element elementor-element-6a3b2efb elementor-section-boxed elementor-section-height-default elementor-section-height-default\" data-id=\"6a3b2efb\" data-element_type=\"section\" data-e-type=\"section\" data-settings=\"{&quot;background_background&quot;:&quot;classic&quot;}\">\n\t\t\t\t\t\t\t<div class=\"elementor-background-overlay\"><\/div>\n\t\t\t\t\t\t\t<div class=\"elementor-container elementor-column-gap-default\">\n\t\t\t\t\t<div class=\"elementor-column elementor-col-100 elementor-top-column elementor-element elementor-element-72eeafeb\" data-id=\"72eeafeb\" data-element_type=\"column\" data-e-type=\"column\">\n\t\t\t<div class=\"elementor-widget-wrap elementor-element-populated\">\n\t\t\t\t\t\t<div class=\"elementor-element elementor-element-c30218d animated-slow elementor-widget elementor-widget-heading\" data-id=\"c30218d\" data-element_type=\"widget\" data-e-type=\"widget\" data-settings=\"{&quot;_animation&quot;:&quot;none&quot;}\" data-widget_type=\"heading.default\">\n\t\t\t\t<div class=\"elementor-widget-container\">\n\t\t\t\t\t<p class=\"elementor-heading-title elementor-size-default\">\"Qualsevol et pot fer gaudir el primer mos d'un plat, &nbsp;<br>per\u00f2 nom\u00e9s un veritable xef et pot fer gaudir l'\u00faltim.\"<\/p>\t\t\t\t<\/div>\n\t\t\t\t<\/div>\n\t\t\t\t\t<\/div>\n\t\t<\/div>\n\t\t\t\t\t<\/div>\n\t\t<\/section>\n\t\t<div class=\"elementor-element elementor-element-004f672 e-flex e-con-boxed e-con e-parent\" data-id=\"004f672\" data-element_type=\"container\" data-e-type=\"container\" data-settings=\"{&quot;background_background&quot;:&quot;classic&quot;,&quot;shape_divider_top&quot;:&quot;curve&quot;,&quot;shape_divider_top_negative&quot;:&quot;yes&quot;}\">\n\t\t\t\t\t<div class=\"e-con-inner\">\n\t\t\t\t<div class=\"elementor-shape elementor-shape-top\" aria-hidden=\"true\" data-negative=\"true\">\n\t\t\t<svg xmlns=\"http:\/\/www.w3.org\/2000\/svg\" viewBox=\"0 0 1000 100\" preserveAspectRatio=\"none\">\n\t<path class=\"elementor-shape-fill\" d=\"M500,97C126.7,96.3,0.8,19.8,0,0v100l1000,0V1C1000,19.4,873.3,97.8,500,97z\"\/>\n<\/svg>\t\t<\/div>\n\t\t\t\t<div class=\"elementor-element elementor-element-0f617bd animated-slow elementor-widget elementor-widget-heading\" data-id=\"0f617bd\" data-element_type=\"widget\" data-e-type=\"widget\" data-settings=\"{&quot;_animation&quot;:&quot;none&quot;}\" data-widget_type=\"heading.default\">\n\t\t\t\t<div class=\"elementor-widget-container\">\n\t\t\t\t\t<p class=\"elementor-heading-title elementor-size-default\">Estarem encantats d'atendre els vostres dubtes<\/p>\t\t\t\t<\/div>\n\t\t\t\t<\/div>\n\t\t\t\t\t<\/div>\n\t\t\t\t<\/div>\n\t\t\t\t<section class=\"elementor-section elementor-top-section elementor-element elementor-element-7a253fdb elementor-section-boxed elementor-section-height-default elementor-section-height-default\" data-id=\"7a253fdb\" data-element_type=\"section\" data-e-type=\"section\" data-settings=\"{&quot;background_background&quot;:&quot;classic&quot;}\">\n\t\t\t\t\t\t<div class=\"elementor-container elementor-column-gap-default\">\n\t\t\t\t\t<div class=\"elementor-column elementor-col-50 elementor-top-column elementor-element elementor-element-11829537\" data-id=\"11829537\" data-element_type=\"column\" data-e-type=\"column\">\n\t\t\t<div class=\"elementor-widget-wrap elementor-element-populated\">\n\t\t\t\t\t\t<section class=\"elementor-section elementor-inner-section elementor-element elementor-element-5f958c5 elementor-section-boxed elementor-section-height-default elementor-section-height-default\" data-id=\"5f958c5\" data-element_type=\"section\" data-e-type=\"section\">\n\t\t\t\t\t\t<div class=\"elementor-container elementor-column-gap-default\">\n\t\t\t\t\t<div class=\"elementor-column elementor-col-50 elementor-inner-column elementor-element elementor-element-7252ef5f\" data-id=\"7252ef5f\" data-element_type=\"column\" data-e-type=\"column\">\n\t\t\t<div class=\"elementor-widget-wrap elementor-element-populated\">\n\t\t\t\t\t\t<div class=\"elementor-element elementor-element-209dfc11 elementor-view-default elementor-widget elementor-widget-icon\" data-id=\"209dfc11\" data-element_type=\"widget\" data-e-type=\"widget\" data-widget_type=\"icon.default\">\n\t\t\t\t<div class=\"elementor-widget-container\">\n\t\t\t\t\t\t\t<div class=\"elementor-icon-wrapper\">\n\t\t\t<div class=\"elementor-icon\">\n\t\t\t<i aria-hidden=\"true\" class=\"icon icon-envelope2\"><\/i>\t\t\t<\/div>\n\t\t<\/div>\n\t\t\t\t\t\t<\/div>\n\t\t\t\t<\/div>\n\t\t\t\t\t<\/div>\n\t\t<\/div>\n\t\t\t\t<div class=\"elementor-column elementor-col-50 elementor-inner-column elementor-element elementor-element-57cc8735\" data-id=\"57cc8735\" data-element_type=\"column\" data-e-type=\"column\">\n\t\t\t<div class=\"elementor-widget-wrap elementor-element-populated\">\n\t\t\t\t\t\t<div class=\"elementor-element elementor-element-18d0b44e elementor-icon-list--layout-traditional elementor-list-item-link-full_width elementor-widget elementor-widget-icon-list\" data-id=\"18d0b44e\" data-element_type=\"widget\" data-e-type=\"widget\" data-widget_type=\"icon-list.default\">\n\t\t\t\t<div class=\"elementor-widget-container\">\n\t\t\t\t\t\t\t<ul class=\"elementor-icon-list-items\">\n\t\t\t\t\t\t\t<li class=\"elementor-icon-list-item\">\n\t\t\t\t\t\t\t\t\t\t<span class=\"elementor-icon-list-text\">info@ddamascatering.com<\/span>\n\t\t\t\t\t\t\t\t\t<\/li>\n\t\t\t\t\t\t<\/ul>\n\t\t\t\t\t\t<\/div>\n\t\t\t\t<\/div>\n\t\t\t\t\t<\/div>\n\t\t<\/div>\n\t\t\t\t\t<\/div>\n\t\t<\/section>\n\t\t\t\t<section class=\"elementor-section elementor-inner-section elementor-element elementor-element-52e6d180 elementor-section-boxed elementor-section-height-default elementor-section-height-default\" data-id=\"52e6d180\" data-element_type=\"section\" data-e-type=\"section\">\n\t\t\t\t\t\t<div class=\"elementor-container elementor-column-gap-default\">\n\t\t\t\t\t<div class=\"elementor-column elementor-col-50 elementor-inner-column elementor-element elementor-element-5a2dd559\" data-id=\"5a2dd559\" data-element_type=\"column\" data-e-type=\"column\">\n\t\t\t<div class=\"elementor-widget-wrap elementor-element-populated\">\n\t\t\t\t\t\t<div class=\"elementor-element elementor-element-51a39c0 elementor-view-default elementor-widget elementor-widget-icon\" data-id=\"51a39c0\" data-element_type=\"widget\" data-e-type=\"widget\" data-widget_type=\"icon.default\">\n\t\t\t\t<div class=\"elementor-widget-container\">\n\t\t\t\t\t\t\t<div class=\"elementor-icon-wrapper\">\n\t\t\t<div class=\"elementor-icon\">\n\t\t\t<i aria-hidden=\"true\" class=\"icon icon-phone-call\"><\/i>\t\t\t<\/div>\n\t\t<\/div>\n\t\t\t\t\t\t<\/div>\n\t\t\t\t<\/div>\n\t\t\t\t\t<\/div>\n\t\t<\/div>\n\t\t\t\t<div class=\"elementor-column elementor-col-50 elementor-inner-column elementor-element elementor-element-22ffe97a\" data-id=\"22ffe97a\" data-element_type=\"column\" data-e-type=\"column\">\n\t\t\t<div class=\"elementor-widget-wrap elementor-element-populated\">\n\t\t\t\t\t\t<div class=\"elementor-element elementor-element-7be17334 elementor-icon-list--layout-traditional elementor-list-item-link-full_width elementor-widget elementor-widget-icon-list\" data-id=\"7be17334\" data-element_type=\"widget\" data-e-type=\"widget\" data-widget_type=\"icon-list.default\">\n\t\t\t\t<div class=\"elementor-widget-container\">\n\t\t\t\t\t\t\t<ul class=\"elementor-icon-list-items\">\n\t\t\t\t\t\t\t<li class=\"elementor-icon-list-item\">\n\t\t\t\t\t\t\t\t\t\t<span class=\"elementor-icon-list-text\">+34 662058636<\/span>\n\t\t\t\t\t\t\t\t\t<\/li>\n\t\t\t\t\t\t<\/ul>\n\t\t\t\t\t\t<\/div>\n\t\t\t\t<\/div>\n\t\t\t\t\t<\/div>\n\t\t<\/div>\n\t\t\t\t\t<\/div>\n\t\t<\/section>\n\t\t\t\t<section class=\"elementor-section elementor-inner-section elementor-element elementor-element-78fd4b76 elementor-section-boxed elementor-section-height-default elementor-section-height-default\" data-id=\"78fd4b76\" data-element_type=\"section\" data-e-type=\"section\">\n\t\t\t\t\t\t<div class=\"elementor-container elementor-column-gap-default\">\n\t\t\t\t\t<div class=\"elementor-column elementor-col-50 elementor-inner-column elementor-element elementor-element-650b647f\" data-id=\"650b647f\" data-element_type=\"column\" data-e-type=\"column\">\n\t\t\t<div class=\"elementor-widget-wrap elementor-element-populated\">\n\t\t\t\t\t\t<div class=\"elementor-element elementor-element-5e1e938c elementor-view-default elementor-widget elementor-widget-icon\" data-id=\"5e1e938c\" data-element_type=\"widget\" data-e-type=\"widget\" data-widget_type=\"icon.default\">\n\t\t\t\t<div class=\"elementor-widget-container\">\n\t\t\t\t\t\t\t<div class=\"elementor-icon-wrapper\">\n\t\t\t<div class=\"elementor-icon\">\n\t\t\t<i aria-hidden=\"true\" class=\"icon icon-map-marker1\"><\/i>\t\t\t<\/div>\n\t\t<\/div>\n\t\t\t\t\t\t<\/div>\n\t\t\t\t<\/div>\n\t\t\t\t\t<\/div>\n\t\t<\/div>\n\t\t\t\t<div class=\"elementor-column elementor-col-50 elementor-inner-column elementor-element elementor-element-515f0302\" data-id=\"515f0302\" data-element_type=\"column\" data-e-type=\"column\">\n\t\t\t<div class=\"elementor-widget-wrap elementor-element-populated\">\n\t\t\t\t\t\t<div class=\"elementor-element elementor-element-64159879 elementor-icon-list--layout-traditional elementor-list-item-link-full_width elementor-widget elementor-widget-icon-list\" data-id=\"64159879\" data-element_type=\"widget\" data-e-type=\"widget\" data-widget_type=\"icon-list.default\">\n\t\t\t\t<div class=\"elementor-widget-container\">\n\t\t\t\t\t\t\t<ul class=\"elementor-icon-list-items\">\n\t\t\t\t\t\t\t<li class=\"elementor-icon-list-item\">\n\t\t\t\t\t\t\t\t\t\t<span class=\"elementor-icon-list-text\">Carrer Mas Coll, 3, 08328 Alella, Barcelona<\/span>\n\t\t\t\t\t\t\t\t\t<\/li>\n\t\t\t\t\t\t<\/ul>\n\t\t\t\t\t\t<\/div>\n\t\t\t\t<\/div>\n\t\t\t\t\t<\/div>\n\t\t<\/div>\n\t\t\t\t\t<\/div>\n\t\t<\/section>\n\t\t\t\t<div class=\"elementor-element elementor-element-8ec6e39 elementor-widget elementor-widget-image\" data-id=\"8ec6e39\" data-element_type=\"widget\" data-e-type=\"widget\" data-widget_type=\"image.default\">\n\t\t\t\t<div class=\"elementor-widget-container\">\n\t\t\t\t\t\t\t\t\t\t\t\t\t\t\t<img fetchpriority=\"high\" decoding=\"async\" width=\"960\" height=\"640\" src=\"https:\/\/ddamascatering.com\/wp-content\/uploads\/2024\/04\/Barcelona-Wedding-A-J219-1024x683.jpg\" class=\"attachment-large size-large wp-image-3209\" alt=\"\" srcset=\"https:\/\/ddamascatering.com\/wp-content\/uploads\/2024\/04\/Barcelona-Wedding-A-J219-1024x683.jpg 1024w, https:\/\/ddamascatering.com\/wp-content\/uploads\/2024\/04\/Barcelona-Wedding-A-J219-300x200.jpg 300w, https:\/\/ddamascatering.com\/wp-content\/uploads\/2024\/04\/Barcelona-Wedding-A-J219-768x512.jpg 768w, https:\/\/ddamascatering.com\/wp-content\/uploads\/2024\/04\/Barcelona-Wedding-A-J219-1536x1024.jpg 1536w, https:\/\/ddamascatering.com\/wp-content\/uploads\/2024\/04\/Barcelona-Wedding-A-J219-2048x1365.jpg 2048w\" sizes=\"(max-width: 960px) 100vw, 960px\" \/>\t\t\t\t\t\t\t\t\t\t\t\t\t\t\t<\/div>\n\t\t\t\t<\/div>\n\t\t\t\t\t<\/div>\n\t\t<\/div>\n\t\t\t\t<div class=\"elementor-column elementor-col-50 elementor-top-column elementor-element elementor-element-7b76698d\" data-id=\"7b76698d\" data-element_type=\"column\" data-e-type=\"column\" data-settings=\"{&quot;background_background&quot;:&quot;classic&quot;}\">\n\t\t\t<div class=\"elementor-widget-wrap elementor-element-populated\">\n\t\t\t\t\t\t<div class=\"elementor-element elementor-element-03f91c6 eael-contact-form-7-button-align-center eael-contact-form-7-button-custom elementor-widget elementor-widget-eael-contact-form-7\" data-id=\"03f91c6\" data-element_type=\"widget\" data-e-type=\"widget\" data-widget_type=\"eael-contact-form-7.default\">\n\t\t\t\t<div class=\"elementor-widget-container\">\n\t\t\t\t\t<div class=\"eael-contact-form-7-wrapper\">\n                <div class=\"eael-contact-form eael-contact-form-7 eael-contact-form-03f91c6 placeholder-show eael-custom-radio-checkbox eael-contact-form-align-center\">\n<div class=\"wpcf7 no-js\" id=\"wpcf7-f3512-o1\" lang=\"ca\" dir=\"ltr\" data-wpcf7-id=\"3512\">\n<div class=\"screen-reader-response\"><p role=\"status\" aria-live=\"polite\" aria-atomic=\"true\"><\/p> <ul><\/ul><\/div>\n<form action=\"\/ca\/wp-json\/wp\/v2\/pages\/3465#wpcf7-f3512-o1\" method=\"post\" class=\"wpcf7-form init\" aria-label=\"Formulari de contacte\" novalidate=\"novalidate\" data-status=\"init\">\n<fieldset class=\"hidden-fields-container\"><input type=\"hidden\" name=\"_wpcf7\" value=\"3512\" \/><input type=\"hidden\" name=\"_wpcf7_version\" value=\"6.1.5\" \/><input type=\"hidden\" name=\"_wpcf7_locale\" value=\"ca\" \/><input type=\"hidden\" name=\"_wpcf7_unit_tag\" value=\"wpcf7-f3512-o1\" \/><input type=\"hidden\" name=\"_wpcf7_container_post\" value=\"0\" \/><input type=\"hidden\" name=\"_wpcf7_posted_data_hash\" value=\"\" \/><input type=\"hidden\" name=\"_wpcf7_recaptcha_response\" value=\"\" \/>\n<\/fieldset>\n<p><label> El teu nom<br \/>\n<span class=\"wpcf7-form-control-wrap\" data-name=\"your-name\"><input size=\"40\" maxlength=\"400\" class=\"wpcf7-form-control wpcf7-text wpcf7-validates-as-required\" autocomplete=\"name\" aria-required=\"true\" aria-invalid=\"false\" value=\"\" type=\"text\" name=\"your-name\" \/><\/span> <\/label>\n<\/p>\n<p><label> El teu correu electr\u00f2nic<br \/>\n<span class=\"wpcf7-form-control-wrap\" data-name=\"your-email\"><input size=\"40\" maxlength=\"400\" class=\"wpcf7-form-control wpcf7-email wpcf7-validates-as-required wpcf7-text wpcf7-validates-as-email\" autocomplete=\"email\" aria-required=\"true\" aria-invalid=\"false\" value=\"\" type=\"email\" name=\"your-email\" \/><\/span> <\/label>\n<\/p>\n<p><label> El teu m\u00f2bil<br \/>\n<span class=\"wpcf7-form-control-wrap\" data-name=\"movil\"><input size=\"40\" maxlength=\"400\" class=\"wpcf7-form-control wpcf7-tel wpcf7-text wpcf7-validates-as-tel\" aria-invalid=\"false\" value=\"\" type=\"tel\" name=\"movil\" \/><\/span> <\/label>\n<\/p>\n<p><label> Data de l'esdeveniment<br \/>\n<span class=\"wpcf7-form-control-wrap\" data-name=\"fecha\"><input size=\"40\" maxlength=\"400\" class=\"wpcf7-form-control wpcf7-text\" aria-invalid=\"false\" value=\"\" type=\"text\" name=\"fecha\" \/><\/span> <\/label>\n<\/p>\n<p><label> Tipus d'esdeveniment<br \/>\n<span class=\"wpcf7-form-control-wrap\" data-name=\"Tipodeevento\"><select class=\"wpcf7-form-control wpcf7-select\" aria-invalid=\"false\" name=\"Tipodeevento\"><option value=\"Celebracions\">Celebracions<\/option><option value=\"Noces\">Noces<\/option><option value=\"Empreses\">Empreses<\/option><\/select><\/span> <\/label>\n<\/p>\n<p><label> Lloc de l'esdeveniment<br \/>\n<span class=\"wpcf7-form-control-wrap\" data-name=\"Lugardelevento\"><input size=\"40\" maxlength=\"400\" class=\"wpcf7-form-control wpcf7-text\" aria-invalid=\"false\" value=\"\" type=\"text\" name=\"Lugardelevento\" \/><\/span> <\/label>\n<\/p>\n<p><label> Total de convidats<br \/>\n<span class=\"wpcf7-form-control-wrap\" data-name=\"totalinvitados\"><input size=\"40\" maxlength=\"400\" class=\"wpcf7-form-control wpcf7-text\" aria-invalid=\"false\" value=\"\" type=\"text\" name=\"totalinvitados\" \/><\/span> <\/label>\n<\/p>\n<p><label> Comentaris (opcional)<br \/>\n<span class=\"wpcf7-form-control-wrap\" data-name=\"your-message\"><input size=\"40\" maxlength=\"400\" class=\"wpcf7-form-control wpcf7-text\" aria-invalid=\"false\" value=\"\" type=\"text\" name=\"your-message\" \/><\/span> <\/label>\n<\/p>\n<p><input class=\"wpcf7-form-control wpcf7-submit has-spinner\" type=\"submit\" value=\"Enviar\" \/>\n<\/p><div class=\"wpcf7-response-output\" aria-hidden=\"true\"><\/div>\n<\/form>\n<\/div>\n<\/div>\n            <\/div>\t\t\t\t<\/div>\n\t\t\t\t<\/div>\n\t\t\t\t<div class=\"elementor-element elementor-element-c53d9c0 elementor-widget elementor-widget-html\" data-id=\"c53d9c0\" data-element_type=\"widget\" data-e-type=\"widget\" data-widget_type=\"html.default\">\n\t\t\t\t<div class=\"elementor-widget-container\">\n\t\t\t\t\t<script type=\"text\/javascript\">document.addEventListener( 'wpcf7mailsent', function( event ) {\n    window.location.href = 'https:\/\/ddamascatering.com\/gracias';\n}, false );\n<\/script>\t\t\t\t<\/div>\n\t\t\t\t<\/div>\n\t\t\t\t\t<\/div>\n\t\t<\/div>\n\t\t\t\t\t<\/div>\n\t\t<\/section>\n\t\t\t\t<\/div>\n\t\t","protected":false},"excerpt":{"rendered":"<p>&#8220;Qualsevol et pot fer gaudir el primer mos d&#8217;un plat, &nbsp;per\u00f2 nom\u00e9s un veritable xef et pot fer gaudir l&#8217;\u00faltim.&#8221; Estarem encantats d&#8217;atendre els vostres dubtes info@ddamascatering.com +34 662058636 Carrer Mas Coll, 3, 08328 Alella, Barcelona Tu nombre Tu correo electr\u00f3nico Tu m\u00f3vil Fecha del evento Tipo de evento CelebracionesBodasEmpresas Lugar del evento Total de [&hellip;]<\/p>\n","protected":false},"author":3,"featured_media":0,"parent":0,"menu_order":0,"comment_status":"closed","ping_status":"closed","template":"elementor_header_footer","meta":{"_joinchat":[],"footnotes":""},"class_list":["post-3465","page","type-page","status-publish","hentry"],"yoast_head":"<!-- This site is optimized with the Yoast SEO plugin v27.4 - https:\/\/yoast.com\/product\/yoast-seo-wordpress\/ -->\n<title>Contacte - Ddamas Catering<\/title>\n<meta name=\"robots\" content=\"index, follow, max-snippet:-1, max-image-preview:large, max-video-preview:-1\" \/>\n<link rel=\"canonical\" href=\"https:\/\/ddamascatering.com\/ca\/contacte\/\" \/>\n<meta property=\"og:locale\" content=\"ca_ES\" \/>\n<meta property=\"og:type\" content=\"article\" \/>\n<meta property=\"og:title\" content=\"Contacte - Ddamas Catering\" \/>\n<meta property=\"og:description\" content=\"&#8220;Qualsevol et pot fer gaudir el primer mos d&#8217;un plat, &nbsp;per\u00f2 nom\u00e9s un veritable xef et pot fer gaudir l&#8217;\u00faltim.&#8221; Estarem encantats d&#8217;atendre els vostres dubtes info@ddamascatering.com +34 662058636 Carrer Mas Coll, 3, 08328 Alella, Barcelona Tu nombre Tu correo electr\u00f3nico Tu m\u00f3vil Fecha del evento Tipo de evento CelebracionesBodasEmpresas Lugar del evento Total de [&hellip;]\" \/>\n<meta property=\"og:url\" content=\"https:\/\/ddamascatering.com\/ca\/contacte\/\" \/>\n<meta property=\"og:site_name\" content=\"Ddamas Catering\" \/>\n<meta property=\"article:publisher\" content=\"https:\/\/www.facebook.com\/DDamasCatering\/\" \/>\n<meta property=\"article:modified_time\" content=\"2026-04-14T09:14:41+00:00\" \/>\n<meta property=\"og:image\" content=\"https:\/\/ddamascatering.com\/wp-content\/uploads\/2024\/04\/Barcelona-Wedding-A-J219-scaled.jpg\" \/>\n\t<meta property=\"og:image:width\" content=\"2560\" \/>\n\t<meta property=\"og:image:height\" content=\"1707\" \/>\n\t<meta property=\"og:image:type\" content=\"image\/jpeg\" \/>\n<meta name=\"twitter:card\" content=\"summary_large_image\" \/>\n<meta name=\"twitter:label1\" content=\"Temps estimat de lectura\" \/>\n\t<meta name=\"twitter:data1\" content=\"1 minut\" \/>\n<script type=\"application\/ld+json\" class=\"yoast-schema-graph\">{\"@context\":\"https:\\\/\\\/schema.org\",\"@graph\":[{\"@type\":\"WebPage\",\"@id\":\"https:\\\/\\\/ddamascatering.com\\\/ca\\\/contacte\\\/\",\"url\":\"https:\\\/\\\/ddamascatering.com\\\/ca\\\/contacte\\\/\",\"name\":\"Contacte - Ddamas Catering\",\"isPartOf\":{\"@id\":\"https:\\\/\\\/ddamascatering.com\\\/ca\\\/#website\"},\"primaryImageOfPage\":{\"@id\":\"https:\\\/\\\/ddamascatering.com\\\/ca\\\/contacte\\\/#primaryimage\"},\"image\":{\"@id\":\"https:\\\/\\\/ddamascatering.com\\\/ca\\\/contacte\\\/#primaryimage\"},\"thumbnailUrl\":\"https:\\\/\\\/ddamascatering.com\\\/wp-content\\\/uploads\\\/2024\\\/04\\\/Barcelona-Wedding-A-J219-1024x683.jpg\",\"datePublished\":\"2024-04-01T09:20:53+00:00\",\"dateModified\":\"2026-04-14T09:14:41+00:00\",\"breadcrumb\":{\"@id\":\"https:\\\/\\\/ddamascatering.com\\\/ca\\\/contacte\\\/#breadcrumb\"},\"inLanguage\":\"ca\",\"potentialAction\":[{\"@type\":\"ReadAction\",\"target\":[\"https:\\\/\\\/ddamascatering.com\\\/ca\\\/contacte\\\/\"]}]},{\"@type\":\"ImageObject\",\"inLanguage\":\"ca\",\"@id\":\"https:\\\/\\\/ddamascatering.com\\\/ca\\\/contacte\\\/#primaryimage\",\"url\":\"https:\\\/\\\/ddamascatering.com\\\/wp-content\\\/uploads\\\/2024\\\/04\\\/Barcelona-Wedding-A-J219-1024x683.jpg\",\"contentUrl\":\"https:\\\/\\\/ddamascatering.com\\\/wp-content\\\/uploads\\\/2024\\\/04\\\/Barcelona-Wedding-A-J219-1024x683.jpg\"},{\"@type\":\"BreadcrumbList\",\"@id\":\"https:\\\/\\\/ddamascatering.com\\\/ca\\\/contacte\\\/#breadcrumb\",\"itemListElement\":[{\"@type\":\"ListItem\",\"position\":1,\"name\":\"Home\",\"item\":\"https:\\\/\\\/ddamascatering.com\\\/ca\\\/\"},{\"@type\":\"ListItem\",\"position\":2,\"name\":\"Contacte\"}]},{\"@type\":\"WebSite\",\"@id\":\"https:\\\/\\\/ddamascatering.com\\\/ca\\\/#website\",\"url\":\"https:\\\/\\\/ddamascatering.com\\\/ca\\\/\",\"name\":\"Ddamas Catering\",\"description\":\"Catering para fiestas, bodas y empresas\",\"publisher\":{\"@id\":\"https:\\\/\\\/ddamascatering.com\\\/ca\\\/#organization\"},\"alternateName\":\"Catering Ddamas\",\"potentialAction\":[{\"@type\":\"SearchAction\",\"target\":{\"@type\":\"EntryPoint\",\"urlTemplate\":\"https:\\\/\\\/ddamascatering.com\\\/ca\\\/?s={search_term_string}\"},\"query-input\":{\"@type\":\"PropertyValueSpecification\",\"valueRequired\":true,\"valueName\":\"search_term_string\"}}],\"inLanguage\":\"ca\"},{\"@type\":\"Organization\",\"@id\":\"https:\\\/\\\/ddamascatering.com\\\/ca\\\/#organization\",\"name\":\"Ddamas Catering\",\"url\":\"https:\\\/\\\/ddamascatering.com\\\/ca\\\/\",\"logo\":{\"@type\":\"ImageObject\",\"inLanguage\":\"ca\",\"@id\":\"https:\\\/\\\/ddamascatering.com\\\/ca\\\/#\\\/schema\\\/logo\\\/image\\\/\",\"url\":\"https:\\\/\\\/ddamascatering.com\\\/wp-content\\\/uploads\\\/2024\\\/04\\\/cropped-logo-grande.png\",\"contentUrl\":\"https:\\\/\\\/ddamascatering.com\\\/wp-content\\\/uploads\\\/2024\\\/04\\\/cropped-logo-grande.png\",\"width\":998,\"height\":998,\"caption\":\"Ddamas Catering\"},\"image\":{\"@id\":\"https:\\\/\\\/ddamascatering.com\\\/ca\\\/#\\\/schema\\\/logo\\\/image\\\/\"},\"sameAs\":[\"https:\\\/\\\/www.facebook.com\\\/DDamasCatering\\\/\",\"https:\\\/\\\/www.instagram.com\\\/catering_ddamas\"]}]}<\/script>\n<!-- \/ Yoast SEO plugin. -->","yoast_head_json":{"title":"Contacte - Ddamas Catering","robots":{"index":"index","follow":"follow","max-snippet":"max-snippet:-1","max-image-preview":"max-image-preview:large","max-video-preview":"max-video-preview:-1"},"canonical":"https:\/\/ddamascatering.com\/ca\/contacte\/","og_locale":"ca_ES","og_type":"article","og_title":"Contacte - Ddamas Catering","og_description":"&#8220;Qualsevol et pot fer gaudir el primer mos d&#8217;un plat, &nbsp;per\u00f2 nom\u00e9s un veritable xef et pot fer gaudir l&#8217;\u00faltim.&#8221; Estarem encantats d&#8217;atendre els vostres dubtes info@ddamascatering.com +34 662058636 Carrer Mas Coll, 3, 08328 Alella, Barcelona Tu nombre Tu correo electr\u00f3nico Tu m\u00f3vil Fecha del evento Tipo de evento CelebracionesBodasEmpresas Lugar del evento Total de [&hellip;]","og_url":"https:\/\/ddamascatering.com\/ca\/contacte\/","og_site_name":"Ddamas Catering","article_publisher":"https:\/\/www.facebook.com\/DDamasCatering\/","article_modified_time":"2026-04-14T09:14:41+00:00","og_image":[{"width":2560,"height":1707,"url":"https:\/\/ddamascatering.com\/wp-content\/uploads\/2024\/04\/Barcelona-Wedding-A-J219-scaled.jpg","type":"image\/jpeg"}],"twitter_card":"summary_large_image","twitter_misc":{"Temps estimat de lectura":"1 minut"},"schema":{"@context":"https:\/\/schema.org","@graph":[{"@type":"WebPage","@id":"https:\/\/ddamascatering.com\/ca\/contacte\/","url":"https:\/\/ddamascatering.com\/ca\/contacte\/","name":"Contacte - Ddamas Catering","isPartOf":{"@id":"https:\/\/ddamascatering.com\/ca\/#website"},"primaryImageOfPage":{"@id":"https:\/\/ddamascatering.com\/ca\/contacte\/#primaryimage"},"image":{"@id":"https:\/\/ddamascatering.com\/ca\/contacte\/#primaryimage"},"thumbnailUrl":"https:\/\/ddamascatering.com\/wp-content\/uploads\/2024\/04\/Barcelona-Wedding-A-J219-1024x683.jpg","datePublished":"2024-04-01T09:20:53+00:00","dateModified":"2026-04-14T09:14:41+00:00","breadcrumb":{"@id":"https:\/\/ddamascatering.com\/ca\/contacte\/#breadcrumb"},"inLanguage":"ca","potentialAction":[{"@type":"ReadAction","target":["https:\/\/ddamascatering.com\/ca\/contacte\/"]}]},{"@type":"ImageObject","inLanguage":"ca","@id":"https:\/\/ddamascatering.com\/ca\/contacte\/#primaryimage","url":"https:\/\/ddamascatering.com\/wp-content\/uploads\/2024\/04\/Barcelona-Wedding-A-J219-1024x683.jpg","contentUrl":"https:\/\/ddamascatering.com\/wp-content\/uploads\/2024\/04\/Barcelona-Wedding-A-J219-1024x683.jpg"},{"@type":"BreadcrumbList","@id":"https:\/\/ddamascatering.com\/ca\/contacte\/#breadcrumb","itemListElement":[{"@type":"ListItem","position":1,"name":"Home","item":"https:\/\/ddamascatering.com\/ca\/"},{"@type":"ListItem","position":2,"name":"Contacte"}]},{"@type":"WebSite","@id":"https:\/\/ddamascatering.com\/ca\/#website","url":"https:\/\/ddamascatering.com\/ca\/","name":"Ddamas Catering","description":"Catering para fiestas, bodas y empresas","publisher":{"@id":"https:\/\/ddamascatering.com\/ca\/#organization"},"alternateName":"Catering Ddamas","potentialAction":[{"@type":"SearchAction","target":{"@type":"EntryPoint","urlTemplate":"https:\/\/ddamascatering.com\/ca\/?s={search_term_string}"},"query-input":{"@type":"PropertyValueSpecification","valueRequired":true,"valueName":"search_term_string"}}],"inLanguage":"ca"},{"@type":"Organization","@id":"https:\/\/ddamascatering.com\/ca\/#organization","name":"Ddamas Catering","url":"https:\/\/ddamascatering.com\/ca\/","logo":{"@type":"ImageObject","inLanguage":"ca","@id":"https:\/\/ddamascatering.com\/ca\/#\/schema\/logo\/image\/","url":"https:\/\/ddamascatering.com\/wp-content\/uploads\/2024\/04\/cropped-logo-grande.png","contentUrl":"https:\/\/ddamascatering.com\/wp-content\/uploads\/2024\/04\/cropped-logo-grande.png","width":998,"height":998,"caption":"Ddamas Catering"},"image":{"@id":"https:\/\/ddamascatering.com\/ca\/#\/schema\/logo\/image\/"},"sameAs":["https:\/\/www.facebook.com\/DDamasCatering\/","https:\/\/www.instagram.com\/catering_ddamas"]}]}},"_links":{"self":[{"href":"https:\/\/ddamascatering.com\/ca\/wp-json\/wp\/v2\/pages\/3465","targetHints":{"allow":["GET"]}}],"collection":[{"href":"https:\/\/ddamascatering.com\/ca\/wp-json\/wp\/v2\/pages"}],"about":[{"href":"https:\/\/ddamascatering.com\/ca\/wp-json\/wp\/v2\/types\/page"}],"author":[{"embeddable":true,"href":"https:\/\/ddamascatering.com\/ca\/wp-json\/wp\/v2\/users\/3"}],"replies":[{"embeddable":true,"href":"https:\/\/ddamascatering.com\/ca\/wp-json\/wp\/v2\/comments?post=3465"}],"version-history":[{"count":5,"href":"https:\/\/ddamascatering.com\/ca\/wp-json\/wp\/v2\/pages\/3465\/revisions"}],"predecessor-version":[{"id":3900,"href":"https:\/\/ddamascatering.com\/ca\/wp-json\/wp\/v2\/pages\/3465\/revisions\/3900"}],"wp:attachment":[{"href":"https:\/\/ddamascatering.com\/ca\/wp-json\/wp\/v2\/media?parent=3465"}],"curies":[{"name":"wp","href":"https:\/\/api.w.org\/{rel}","templated":true}]}}