{"id":3463,"date":"2024-04-27T09:34:14","date_gmt":"2024-04-27T09:34:14","guid":{"rendered":"https:\/\/ddamascatering.com\/celebracions\/"},"modified":"2026-04-09T06:42:26","modified_gmt":"2026-04-09T06:42:26","slug":"celebracions","status":"publish","type":"page","link":"https:\/\/ddamascatering.com\/ca\/celebracions\/","title":{"rendered":"Celebracions"},"content":{"rendered":"\t\t<div data-elementor-type=\"wp-page\" data-elementor-id=\"3463\" class=\"elementor elementor-3463 elementor-1912\" data-elementor-post-type=\"page\">\n\t\t\t\t<div class=\"elementor-element elementor-element-f724259 e-flex e-con-boxed e-con e-parent\" data-id=\"f724259\" data-element_type=\"container\" data-e-type=\"container\" data-settings=\"{&quot;background_background&quot;:&quot;classic&quot;}\">\n\t\t\t\t\t<div class=\"e-con-inner\">\n\t\t<div class=\"elementor-element elementor-element-47c70d7 e-con-full e-flex e-con e-child\" data-id=\"47c70d7\" data-element_type=\"container\" data-e-type=\"container\">\n\t\t\t\t<div class=\"elementor-element elementor-element-f0b104d animated-slow elementor-widget elementor-widget-heading\" data-id=\"f0b104d\" data-element_type=\"widget\" data-e-type=\"widget\" data-settings=\"{&quot;_animation&quot;:&quot;none&quot;}\" data-widget_type=\"heading.default\">\n\t\t\t\t<div class=\"elementor-widget-container\">\n\t\t\t\t\t<p class=\"elementor-heading-title elementor-size-default\">\u201cTots els detalls de la teva vida es mereixen una celebraci\u00f3!\nAniversaris, aniversaris, comunions, batejos, graduacions\u2026\"<\/p>\t\t\t\t<\/div>\n\t\t\t\t<\/div>\n\t\t\t\t<\/div>\n\t\t\t\t\t<\/div>\n\t\t\t\t<\/div>\n\t\t<div class=\"elementor-element elementor-element-4cb6762 e-flex e-con-boxed e-con e-parent\" data-id=\"4cb6762\" data-element_type=\"container\" data-e-type=\"container\" data-settings=\"{&quot;background_background&quot;:&quot;classic&quot;,&quot;shape_divider_top&quot;:&quot;curve&quot;,&quot;shape_divider_top_negative&quot;:&quot;yes&quot;}\">\n\t\t\t\t\t<div class=\"e-con-inner\">\n\t\t\t\t<div class=\"elementor-shape elementor-shape-top\" aria-hidden=\"true\" data-negative=\"true\">\n\t\t\t<svg xmlns=\"http:\/\/www.w3.org\/2000\/svg\" viewBox=\"0 0 1000 100\" preserveAspectRatio=\"none\">\n\t<path class=\"elementor-shape-fill\" d=\"M500,97C126.7,96.3,0.8,19.8,0,0v100l1000,0V1C1000,19.4,873.3,97.8,500,97z\"\/>\n<\/svg>\t\t<\/div>\n\t\t<div class=\"elementor-element elementor-element-6dd84f8 e-con-full e-flex e-con e-child\" data-id=\"6dd84f8\" data-element_type=\"container\" data-e-type=\"container\" data-settings=\"{&quot;animation&quot;:&quot;none&quot;}\">\n\t\t<div class=\"elementor-element elementor-element-7bc570b e-con-full e-flex e-con e-child\" data-id=\"7bc570b\" data-element_type=\"container\" data-e-type=\"container\" data-settings=\"{&quot;background_background&quot;:&quot;classic&quot;}\">\n\t\t\t\t<div class=\"elementor-element elementor-element-d5a0578 elementor-widget elementor-widget-heading\" data-id=\"d5a0578\" data-element_type=\"widget\" data-e-type=\"widget\" data-widget_type=\"heading.default\">\n\t\t\t\t<div class=\"elementor-widget-container\">\n\t\t\t\t\t<h1 class=\"elementor-heading-title elementor-size-default\">C\u00e0tering per a celebracions<\/h1>\t\t\t\t<\/div>\n\t\t\t\t<\/div>\n\t\t\t\t<\/div>\n\t\t\t\t<div class=\"elementor-element elementor-element-7a4e4da elementor-widget elementor-widget-text-editor\" data-id=\"7a4e4da\" data-element_type=\"widget\" data-e-type=\"widget\" data-widget_type=\"text-editor.default\">\n\t\t\t\t<div class=\"elementor-widget-container\">\n\t\t\t\t\t\t\t\t\t<p>Est\u00e0s pensant a celebrar el teu aniversari en fam\u00edlia i amics? Vols que els teus fills recordin les diverses etapes de la vida amb una celebraci\u00f3 \u00fanica? Realitzem batejos, comunions, festes d&#8217;aniversari, postes de llarg, graduacions escolars, comiats de solteres, festes a cases rurals, etc.  <\/p><p> <\/p><p>Est\u00e0s pensant a celebrar el teu aniversari en fam\u00edlia i amics? Vols que els teus fills recordin les diverses etapes de la vida amb una celebraci\u00f3 \u00fanica? Realitzem batejos, comunions, festes d&#8217;aniversari, postes de llarg, graduacions escolars, comiats de solteres, festes a cases rurals, etc.   <\/p>\t\t\t\t\t\t\t\t<\/div>\n\t\t\t\t<\/div>\n\t\t\t\t<div class=\"elementor-element elementor-element-5b442be elementor-align-center elementor-widget elementor-widget-button\" data-id=\"5b442be\" data-element_type=\"widget\" data-e-type=\"widget\" data-widget_type=\"button.default\">\n\t\t\t\t<div class=\"elementor-widget-container\">\n\t\t\t\t\t\t\t\t\t<div class=\"elementor-button-wrapper\">\n\t\t\t\t\t<a class=\"elementor-button elementor-button-link elementor-size-sm elementor-animation-float\" href=\"https:\/\/ddamascatering.com\/ca\/contacte\/\">\n\t\t\t\t\t\t<span class=\"elementor-button-content-wrapper\">\n\t\t\t\t\t\t\t\t\t<span class=\"elementor-button-text\">Contactar<\/span>\n\t\t\t\t\t<\/span>\n\t\t\t\t\t<\/a>\n\t\t\t\t<\/div>\n\t\t\t\t\t\t\t\t<\/div>\n\t\t\t\t<\/div>\n\t\t\t\t<\/div>\n\t\t<div class=\"elementor-element elementor-element-72c25ca e-con-full e-flex e-con e-child\" data-id=\"72c25ca\" data-element_type=\"container\" data-e-type=\"container\" data-settings=\"{&quot;background_background&quot;:&quot;slideshow&quot;,&quot;background_slideshow_gallery&quot;:[{&quot;id&quot;:3028,&quot;url&quot;:&quot;https:\\\/\\\/ddamascatering.com\\\/wp-content\\\/uploads\\\/2024\\\/04\\\/masia-mas-coll-gastronomia-alella-bodas-9-1.jpg&quot;},{&quot;id&quot;:3026,&quot;url&quot;:&quot;https:\\\/\\\/ddamascatering.com\\\/wp-content\\\/uploads\\\/2024\\\/04\\\/masia-mas-coll-gastronomia-alella-bodas-10-1.jpg&quot;},{&quot;id&quot;:3024,&quot;url&quot;:&quot;https:\\\/\\\/ddamascatering.com\\\/wp-content\\\/uploads\\\/2024\\\/04\\\/masia-mas-coll-gastronomia-alella-bodas-11-1.jpg&quot;},{&quot;id&quot;:3022,&quot;url&quot;:&quot;https:\\\/\\\/ddamascatering.com\\\/wp-content\\\/uploads\\\/2024\\\/04\\\/masia-mas-coll-gastronomia-alella-bodas-5-1.jpg&quot;},{&quot;id&quot;:3016,&quot;url&quot;:&quot;https:\\\/\\\/ddamascatering.com\\\/wp-content\\\/uploads\\\/2024\\\/04\\\/masia-mas-coll-gastronomia-alella-bodas-8-1.jpg&quot;},{&quot;id&quot;:3012,&quot;url&quot;:&quot;https:\\\/\\\/ddamascatering.com\\\/wp-content\\\/uploads\\\/2024\\\/04\\\/masia-mas-coll-gastronomia-alella-bodas-7-1.jpg&quot;}],&quot;background_slideshow_slide_duration&quot;:3000,&quot;background_slideshow_loop&quot;:&quot;yes&quot;,&quot;background_slideshow_slide_transition&quot;:&quot;fade&quot;,&quot;background_slideshow_transition_duration&quot;:500}\">\n\t\t\t\t<div class=\"elementor-element elementor-element-2ebf800 elementor-widget elementor-widget-spacer\" data-id=\"2ebf800\" data-element_type=\"widget\" data-e-type=\"widget\" data-widget_type=\"spacer.default\">\n\t\t\t\t<div class=\"elementor-widget-container\">\n\t\t\t\t\t\t\t<div class=\"elementor-spacer\">\n\t\t\t<div class=\"elementor-spacer-inner\"><\/div>\n\t\t<\/div>\n\t\t\t\t\t\t<\/div>\n\t\t\t\t<\/div>\n\t\t<div class=\"elementor-element elementor-element-1659469 e-con-full e-flex e-con e-child\" data-id=\"1659469\" data-element_type=\"container\" data-e-type=\"container\">\n\t\t<div class=\"elementor-element elementor-element-56be7a6 e-con-full e-flex e-con e-child\" data-id=\"56be7a6\" data-element_type=\"container\" data-e-type=\"container\">\n\t\t\t\t<\/div>\n\t\t\t\t<\/div>\n\t\t\t\t<\/div>\n\t\t\t\t\t<\/div>\n\t\t\t\t<\/div>\n\t\t\t\t<\/div>\n\t\t","protected":false},"excerpt":{"rendered":"<p>\u201cTots els detalls de la teva vida es mereixen una celebraci\u00f3! Aniversaris, aniversaris, comunions, batejos, graduacions\u2026&#8221; C\u00e0tering per a celebracions Est\u00e0s pensant a celebrar el teu aniversari en fam\u00edlia i amics? Vols que els teus fills recordin les diverses etapes de la vida amb una celebraci\u00f3 \u00fanica? Realitzem batejos, comunions, festes d&#8217;aniversari, postes de llarg, [&hellip;]<\/p>\n","protected":false},"author":3,"featured_media":0,"parent":0,"menu_order":0,"comment_status":"closed","ping_status":"closed","template":"elementor_header_footer","meta":{"_joinchat":[],"footnotes":""},"class_list":["post-3463","page","type-page","status-publish","hentry"],"yoast_head":"<!-- This site is optimized with the Yoast SEO plugin v27.4 - https:\/\/yoast.com\/product\/yoast-seo-wordpress\/ -->\n<title>Celebracions - Ddamas Catering<\/title>\n<meta name=\"robots\" content=\"index, follow, max-snippet:-1, max-image-preview:large, max-video-preview:-1\" \/>\n<link rel=\"canonical\" href=\"https:\/\/ddamascatering.com\/ca\/celebracions\/\" \/>\n<meta property=\"og:locale\" content=\"ca_ES\" \/>\n<meta property=\"og:type\" content=\"article\" \/>\n<meta property=\"og:title\" content=\"Celebracions - Ddamas Catering\" \/>\n<meta property=\"og:description\" content=\"\u201cTots els detalls de la teva vida es mereixen una celebraci\u00f3! Aniversaris, aniversaris, comunions, batejos, graduacions\u2026&#8221; C\u00e0tering per a celebracions Est\u00e0s pensant a celebrar el teu aniversari en fam\u00edlia i amics? Vols que els teus fills recordin les diverses etapes de la vida amb una celebraci\u00f3 \u00fanica? Realitzem batejos, comunions, festes d&#8217;aniversari, postes de llarg, [&hellip;]\" \/>\n<meta property=\"og:url\" content=\"https:\/\/ddamascatering.com\/ca\/celebracions\/\" \/>\n<meta property=\"og:site_name\" content=\"Ddamas Catering\" \/>\n<meta property=\"article:publisher\" content=\"https:\/\/www.facebook.com\/DDamasCatering\/\" \/>\n<meta property=\"article:modified_time\" content=\"2026-04-09T06:42:26+00:00\" \/>\n<meta property=\"og:image\" content=\"https:\/\/ddamascatering.com\/wp-content\/uploads\/2024\/04\/cropped-logo-grande.png\" \/>\n\t<meta property=\"og:image:width\" content=\"998\" \/>\n\t<meta property=\"og:image:height\" content=\"998\" \/>\n\t<meta property=\"og:image:type\" content=\"image\/png\" \/>\n<meta name=\"twitter:card\" content=\"summary_large_image\" \/>\n<meta name=\"twitter:label1\" content=\"Temps estimat de lectura\" \/>\n\t<meta name=\"twitter:data1\" content=\"1 minut\" \/>\n<script type=\"application\/ld+json\" class=\"yoast-schema-graph\">{\"@context\":\"https:\\\/\\\/schema.org\",\"@graph\":[{\"@type\":\"WebPage\",\"@id\":\"https:\\\/\\\/ddamascatering.com\\\/ca\\\/celebracions\\\/\",\"url\":\"https:\\\/\\\/ddamascatering.com\\\/ca\\\/celebracions\\\/\",\"name\":\"Celebracions - Ddamas Catering\",\"isPartOf\":{\"@id\":\"https:\\\/\\\/ddamascatering.com\\\/ca\\\/#website\"},\"datePublished\":\"2024-04-27T09:34:14+00:00\",\"dateModified\":\"2026-04-09T06:42:26+00:00\",\"breadcrumb\":{\"@id\":\"https:\\\/\\\/ddamascatering.com\\\/ca\\\/celebracions\\\/#breadcrumb\"},\"inLanguage\":\"ca\",\"potentialAction\":[{\"@type\":\"ReadAction\",\"target\":[\"https:\\\/\\\/ddamascatering.com\\\/ca\\\/celebracions\\\/\"]}]},{\"@type\":\"BreadcrumbList\",\"@id\":\"https:\\\/\\\/ddamascatering.com\\\/ca\\\/celebracions\\\/#breadcrumb\",\"itemListElement\":[{\"@type\":\"ListItem\",\"position\":1,\"name\":\"Home\",\"item\":\"https:\\\/\\\/ddamascatering.com\\\/ca\\\/\"},{\"@type\":\"ListItem\",\"position\":2,\"name\":\"Celebracions\"}]},{\"@type\":\"WebSite\",\"@id\":\"https:\\\/\\\/ddamascatering.com\\\/ca\\\/#website\",\"url\":\"https:\\\/\\\/ddamascatering.com\\\/ca\\\/\",\"name\":\"Ddamas Catering\",\"description\":\"Catering para fiestas, bodas y empresas\",\"publisher\":{\"@id\":\"https:\\\/\\\/ddamascatering.com\\\/ca\\\/#organization\"},\"alternateName\":\"Catering Ddamas\",\"potentialAction\":[{\"@type\":\"SearchAction\",\"target\":{\"@type\":\"EntryPoint\",\"urlTemplate\":\"https:\\\/\\\/ddamascatering.com\\\/ca\\\/?s={search_term_string}\"},\"query-input\":{\"@type\":\"PropertyValueSpecification\",\"valueRequired\":true,\"valueName\":\"search_term_string\"}}],\"inLanguage\":\"ca\"},{\"@type\":\"Organization\",\"@id\":\"https:\\\/\\\/ddamascatering.com\\\/ca\\\/#organization\",\"name\":\"Ddamas Catering\",\"url\":\"https:\\\/\\\/ddamascatering.com\\\/ca\\\/\",\"logo\":{\"@type\":\"ImageObject\",\"inLanguage\":\"ca\",\"@id\":\"https:\\\/\\\/ddamascatering.com\\\/ca\\\/#\\\/schema\\\/logo\\\/image\\\/\",\"url\":\"https:\\\/\\\/ddamascatering.com\\\/wp-content\\\/uploads\\\/2024\\\/04\\\/cropped-logo-grande.png\",\"contentUrl\":\"https:\\\/\\\/ddamascatering.com\\\/wp-content\\\/uploads\\\/2024\\\/04\\\/cropped-logo-grande.png\",\"width\":998,\"height\":998,\"caption\":\"Ddamas Catering\"},\"image\":{\"@id\":\"https:\\\/\\\/ddamascatering.com\\\/ca\\\/#\\\/schema\\\/logo\\\/image\\\/\"},\"sameAs\":[\"https:\\\/\\\/www.facebook.com\\\/DDamasCatering\\\/\",\"https:\\\/\\\/www.instagram.com\\\/catering_ddamas\"]}]}<\/script>\n<!-- \/ Yoast SEO plugin. -->","yoast_head_json":{"title":"Celebracions - Ddamas Catering","robots":{"index":"index","follow":"follow","max-snippet":"max-snippet:-1","max-image-preview":"max-image-preview:large","max-video-preview":"max-video-preview:-1"},"canonical":"https:\/\/ddamascatering.com\/ca\/celebracions\/","og_locale":"ca_ES","og_type":"article","og_title":"Celebracions - Ddamas Catering","og_description":"\u201cTots els detalls de la teva vida es mereixen una celebraci\u00f3! Aniversaris, aniversaris, comunions, batejos, graduacions\u2026&#8221; C\u00e0tering per a celebracions Est\u00e0s pensant a celebrar el teu aniversari en fam\u00edlia i amics? Vols que els teus fills recordin les diverses etapes de la vida amb una celebraci\u00f3 \u00fanica? Realitzem batejos, comunions, festes d&#8217;aniversari, postes de llarg, [&hellip;]","og_url":"https:\/\/ddamascatering.com\/ca\/celebracions\/","og_site_name":"Ddamas Catering","article_publisher":"https:\/\/www.facebook.com\/DDamasCatering\/","article_modified_time":"2026-04-09T06:42:26+00:00","og_image":[{"width":998,"height":998,"url":"https:\/\/ddamascatering.com\/wp-content\/uploads\/2024\/04\/cropped-logo-grande.png","type":"image\/png"}],"twitter_card":"summary_large_image","twitter_misc":{"Temps estimat de lectura":"1 minut"},"schema":{"@context":"https:\/\/schema.org","@graph":[{"@type":"WebPage","@id":"https:\/\/ddamascatering.com\/ca\/celebracions\/","url":"https:\/\/ddamascatering.com\/ca\/celebracions\/","name":"Celebracions - Ddamas Catering","isPartOf":{"@id":"https:\/\/ddamascatering.com\/ca\/#website"},"datePublished":"2024-04-27T09:34:14+00:00","dateModified":"2026-04-09T06:42:26+00:00","breadcrumb":{"@id":"https:\/\/ddamascatering.com\/ca\/celebracions\/#breadcrumb"},"inLanguage":"ca","potentialAction":[{"@type":"ReadAction","target":["https:\/\/ddamascatering.com\/ca\/celebracions\/"]}]},{"@type":"BreadcrumbList","@id":"https:\/\/ddamascatering.com\/ca\/celebracions\/#breadcrumb","itemListElement":[{"@type":"ListItem","position":1,"name":"Home","item":"https:\/\/ddamascatering.com\/ca\/"},{"@type":"ListItem","position":2,"name":"Celebracions"}]},{"@type":"WebSite","@id":"https:\/\/ddamascatering.com\/ca\/#website","url":"https:\/\/ddamascatering.com\/ca\/","name":"Ddamas Catering","description":"Catering para fiestas, bodas y empresas","publisher":{"@id":"https:\/\/ddamascatering.com\/ca\/#organization"},"alternateName":"Catering Ddamas","potentialAction":[{"@type":"SearchAction","target":{"@type":"EntryPoint","urlTemplate":"https:\/\/ddamascatering.com\/ca\/?s={search_term_string}"},"query-input":{"@type":"PropertyValueSpecification","valueRequired":true,"valueName":"search_term_string"}}],"inLanguage":"ca"},{"@type":"Organization","@id":"https:\/\/ddamascatering.com\/ca\/#organization","name":"Ddamas Catering","url":"https:\/\/ddamascatering.com\/ca\/","logo":{"@type":"ImageObject","inLanguage":"ca","@id":"https:\/\/ddamascatering.com\/ca\/#\/schema\/logo\/image\/","url":"https:\/\/ddamascatering.com\/wp-content\/uploads\/2024\/04\/cropped-logo-grande.png","contentUrl":"https:\/\/ddamascatering.com\/wp-content\/uploads\/2024\/04\/cropped-logo-grande.png","width":998,"height":998,"caption":"Ddamas Catering"},"image":{"@id":"https:\/\/ddamascatering.com\/ca\/#\/schema\/logo\/image\/"},"sameAs":["https:\/\/www.facebook.com\/DDamasCatering\/","https:\/\/www.instagram.com\/catering_ddamas"]}]}},"_links":{"self":[{"href":"https:\/\/ddamascatering.com\/ca\/wp-json\/wp\/v2\/pages\/3463","targetHints":{"allow":["GET"]}}],"collection":[{"href":"https:\/\/ddamascatering.com\/ca\/wp-json\/wp\/v2\/pages"}],"about":[{"href":"https:\/\/ddamascatering.com\/ca\/wp-json\/wp\/v2\/types\/page"}],"author":[{"embeddable":true,"href":"https:\/\/ddamascatering.com\/ca\/wp-json\/wp\/v2\/users\/3"}],"replies":[{"embeddable":true,"href":"https:\/\/ddamascatering.com\/ca\/wp-json\/wp\/v2\/comments?post=3463"}],"version-history":[{"count":8,"href":"https:\/\/ddamascatering.com\/ca\/wp-json\/wp\/v2\/pages\/3463\/revisions"}],"predecessor-version":[{"id":3895,"href":"https:\/\/ddamascatering.com\/ca\/wp-json\/wp\/v2\/pages\/3463\/revisions\/3895"}],"wp:attachment":[{"href":"https:\/\/ddamascatering.com\/ca\/wp-json\/wp\/v2\/media?parent=3463"}],"curies":[{"name":"wp","href":"https:\/\/api.w.org\/{rel}","templated":true}]}}