{"id":3457,"date":"2024-04-01T09:13:30","date_gmt":"2024-04-01T09:13:30","guid":{"rendered":"https:\/\/ddamascatering.com\/avis-legal-i-condicions-dus\/"},"modified":"2026-03-19T10:57:17","modified_gmt":"2026-03-19T10:57:17","slug":"avis-legal-i-condicions-dus","status":"publish","type":"page","link":"https:\/\/ddamascatering.com\/ca\/avis-legal-i-condicions-dus\/","title":{"rendered":"Av\u00eds legal i condicions d&#8217;\u00fas"},"content":{"rendered":"\t\t<div data-elementor-type=\"wp-page\" data-elementor-id=\"3457\" class=\"elementor elementor-3457 elementor-15\" data-elementor-post-type=\"page\">\n\t\t\t\t<div class=\"elementor-element elementor-element-29195575 e-flex e-con-boxed e-con e-parent\" data-id=\"29195575\" data-element_type=\"container\" data-e-type=\"container\">\n\t\t\t\t\t<div class=\"e-con-inner\">\n\t\t\t\t<div class=\"elementor-element elementor-element-195d59f6 elementor-widget elementor-widget-text-editor\" data-id=\"195d59f6\" data-element_type=\"widget\" data-e-type=\"widget\" data-widget_type=\"text-editor.default\">\n\t\t\t\t<div class=\"elementor-widget-container\">\n\t\t\t\t\t\t\t\t\t\n<p>AV\u00cdS LEGAL I CONDICIONS GENERALS D&#8217;\u00daS<br>https:\/\/ddamascatering.com\/<br><strong>I. INFORMACI\u00d3 GENERAL<\/strong><br><br>En compliment amb el deure informaci\u00f3 disposat a la Llei 34\/2002 de Serveis de la Societat de la Informaci\u00f3 i el Comer\u00e7 Electr\u00f2nic (LSSI-CE) d&#8217;11 de juliol, es faciliten a continuaci\u00f3 les dades d&#8217;informaci\u00f3 general seg\u00fcents d&#8217;aquest lloc web :<\/p>\n\n\n\n<p>La titularitat d&#8217;aquest lloc web, https:\/\/ddamascatering.com\/, (d&#8217;ara endavant, Lloc Web) l&#8217;ostenta: Grup Nou Coberts SL, prove\u00efda de NIF: B66001959 i inscrita a: amb les dades registrals seg\u00fcents: , el representant del qual \u00e9s : Grup Nou Coberts SL, i les dades de contacte del qual s\u00f3n:<\/p>\n\n\n\n<p>Adre\u00e7a: C\/ Mas Coll 3 08328 Alella<\/p>\n\n\n\n<p>Tel\u00e8fon de contacte:<\/p>\n\n\n\n<p>Email de contacte: Adriana@masiamascoll.com<\/p>\n\n\n\n<p><strong>II. TERMES I CONDICIONS GENERALS D&#8217;\u00daS <br><\/strong>L&#8217;objecte de les condicions: El lloc web<br>L&#8217;objecte de les presents condicions generals d&#8217;\u00fas (d&#8217;ara endavant, Condicions) \u00e9s regular l&#8217;acc\u00e9s i la utilitzaci\u00f3 del lloc web. Als efectes de les presents Condicions s&#8217;entendr\u00e0 com a Lloc Web: l&#8217;aparen\u00e7a externa de les interf\u00edcies de pantalla, tant de forma est\u00e0tica com de forma din\u00e0mica, \u00e9s a dir, l&#8217;arbre de navegaci\u00f3; i tots els elements integrats tant a les interf\u00edcies de pantalla com a l&#8217;arbre de navegaci\u00f3 (d&#8217;ara endavant, Continguts) i tots aquells serveis o recursos en l\u00ednia que si escau ofereixi als usuaris (d&#8217;ara endavant, serveis). <\/p>\n\n\n\n<p>Damas Catering es reserva la facultat de modificar, en qualsevol moment, i sense av\u00eds previ, la presentaci\u00f3 i configuraci\u00f3 del lloc web i dels continguts i serveis que hi poguessin estar incorporats. L&#8217;usuari reconeix i accepta que en qualsevol moment Damas Catering pugui interrompre , desactivar i\/o cancel\u00b7lar qualsevol d&#8217;aquests elements que s&#8217;integren o accedir al Lloc Web. <\/p>\n\n\n\n<p>L&#8217;acc\u00e9s al lloc web per l&#8217;usuari t\u00e9 car\u00e0cter lliure i, per regla general, \u00e9s gratu\u00eft sense que l&#8217;Usuari hagi de proporcionar una contraprestaci\u00f3 per poder-ne gaudir, llevat del cost de connexi\u00f3 a trav\u00e9s de la xarxa de telecomunicacions subministrada pel prove\u00efdor d&#8217;acc\u00e9s que l&#8217;usuari hagi contractat.<\/p>\n\n\n\n<p>La utilitzaci\u00f3 d&#8217;algun dels continguts o serveis del lloc web es pot fer mitjan\u00e7ant la subscripci\u00f3 o el registre previ de l&#8217;usuari.<\/p>\n\n\n\n<p>L&#8217;acc\u00e9s, la navegaci\u00f3 i \u00fas del lloc web, aix\u00ed com pels espais habilitats per interactuar entre els Usuaris, i l&#8217;Usuari i Dames Catering, com els comentaris i\/o espais de blogging, confereix la condici\u00f3 d&#8217;usuari, per la qual cosa accepten, des que s&#8217;inicia la navegaci\u00f3 pel lloc web, totes les condicions aqu\u00ed establertes, aix\u00ed com les seves modificacions ulteriors, sens perjudici de l&#8217;aplicaci\u00f3 de la corresponent normativa legal de compliment obligat segons el cas. Donada la rellev\u00e0ncia de l&#8217;anterior, es recomana a l&#8217;usuari llegir-les cada cop que visiteu el lloc web. <\/p>\n\n\n\n<p>El Lloc Web de Damas Catering proporciona una gran diversitat d&#8217;informaci\u00f3, serveis i dades. L&#8217;usuari assumeix la seva responsabilitat per fer un \u00fas correcte del lloc web. Aquesta responsabilitat s&#8217;estendr\u00e0 a:  <\/p>\n\n\n\n<p>Un \u00fas de la informaci\u00f3, continguts i\/o serveis i dades ofertes per Damas Catering sense que sigui contrari al que disposen aquestes condicions, la Llei, la moral o l&#8217;ordre p\u00fablic, o que de qualsevol altra manera puguin suposar lesi\u00f3 dels drets de tercers o del mateix funcionament del lloc web.<br>La veracitat i licitud de les informacions aportades per l&#8217;usuari als formularis estesos per Damas Catering per a l&#8217;acc\u00e9s a certs continguts o serveis oferts pel lloc web. En tot cas, l&#8217;usuari notificar\u00e0 de forma immediata a Damas Catering sobre qualsevol fet que permeti l&#8217;\u00fas indegut de la informaci\u00f3 registrada en aquests formularis, com ara, per\u00f2 no nom\u00e9s, el robatori, la p\u00e8rdua, o l&#8217;acc\u00e9s no autoritzat a identificadors i \/o contrasenyes, per tal de procedir a la seva immediata cancel\u00b7laci\u00f3. <br>Damas Catering es reserva el dret de retirar tots aquells comentaris i aportacions que vulnerin la llei, el respecte a la dignitat de la persona, que siguin discriminatoris, xen\u00f2fobs, racistes, pornogr\u00e0fics, spamming, que atemptin contra la joventut o la inf\u00e0ncia, l&#8217;ordre o la seguretat p\u00fablica o que, a parer seu, no resultessin adequats per a la seva publicaci\u00f3.<\/p>\n\n\n\n<p>En qualsevol cas, Damas Catering no ser\u00e0 responsable de les opinions abocades pels usuaris a trav\u00e9s de comentaris o altres eines de blogging o de participaci\u00f3 que hi pugui haver.<\/p>\n\n\n\n<p>El mer acc\u00e9s a aquest Lloc Web no suposa entaular cap mena de relaci\u00f3 de car\u00e0cter comercial entre Damas Catering i l&#8217;Usuari.<\/p>\n\n\n\n<p>L&#8217;usuari declara ser m\u00e9s gran i disposar de la capacitat jur\u00eddica suficient per vincular-se per aquestes condicions. Per tant, aquest lloc web de Damas Catering no es dirigeix a menors dedat. Damas Catering declina qualsevol responsabilitat per l\u00b4incompliment d\u00b4aquest requisit.  <\/p>\n\n\n\n<p>El lloc web est\u00e0 dirigit principalment a usuaris residents a Espanya. Damas Catering no assegura que el lloc web compleixi amb legislacions d&#8217;altres pa\u00efsos, ja sigui totalment o parcialment. Si l&#8217;usuari resideix o t\u00e9 el domiciliat en un altre lloc i decideix accedir i\/o navegar al lloc web ho far\u00e0 sota la seva pr\u00f2pia responsabilitat, assegureu-vos que aquest acc\u00e9s i navegaci\u00f3 compleix amb la legislaci\u00f3 local que us \u00e9s aplicable, no assumint Dames C\u00e0tering cap responsabilitat que es pugui derivar del dit acc\u00e9s.  <\/p>\n\n\n\n<p>III. ACC\u00c9S I NAVEGACI\u00d3 AL LLOC WEB: EXCLUSI\u00d3 DE GARANTIES I RESPONSABILITAT<br>Damas Catering no garanteix la continu\u00eftat, disponibilitat i utilitat del Lloc Web, ni dels Continguts o Serveis. Damas Catering far\u00e0 tot el possible pel bon funcionament del Lloc Web, per\u00f2, no es responsabilitza ni garanteix que l&#8217;acc\u00e9s a aquest Lloc Web no sigui ininterromput o que estigui lliure d&#8217;error.  <\/p>\n\n\n\n<p>Tampoc no es responsabilitza o garanteix que el contingut o programari al qual es pugui accedir a trav\u00e9s d&#8217;aquest lloc web, estigui lliure d&#8217;error o causi un dany al sistema inform\u00e0tic (programari i maquinari) de l&#8217;usuari. En cap cas Damas Catering ser\u00e0 responsable per les p\u00e8rdues, danys o perjudicis de qualsevol tipus que sorgeixin per l&#8217;acc\u00e9s, navegaci\u00f3 i \u00fas del lloc web, incloent-hi, per\u00f2 no limitant-se, als ocasionats als sistemes inform\u00e0tics o els provocats per la introducci\u00f3 de virus. <\/p>\n\n\n\n<p>Damas Catering tampoc no es fa responsable dels danys que poguessin ocasionar-se als usuaris per un \u00fas inadequat d&#8217;aquest lloc web. En particular, no es fa responsable de cap manera de les caigudes, interrupcions, falta o defecte de les telecomunicacions que poguessin oc\u00f3rrer. <\/p>\n\n\n\n<p>IV. POL\u00cdTICA D&#8217;ENLLA\u00c7OS<br>S&#8217;informa que el lloc web de Damas Catering posa o pot posar a disposici\u00f3 dels usuaris mitjans d&#8217;enlla\u00e7 (com, entre d&#8217;altres, links, banners, botons), directoris i motors de cerca que permeten als usuaris accedir a llocs web pertanyents i \/o gestionats per tercers. <\/p>\n\n\n\n<p>La instal\u00b7laci\u00f3 d&#8217;aquests enlla\u00e7os, directoris i motors de cerca al Lloc Web t\u00e9 per objecte facilitar als Usuaris la cerca de i acc\u00e9s a la informaci\u00f3 disponible a Internet, sense que es pugui considerar un suggeriment, recomanaci\u00f3 o invitaci\u00f3 per a la visita dels mateixos .<\/p>\n\n\n\n<p>Damas Catering no ofereix ni comercialitza per si ni per mitj\u00e0 de tercers els productes i\/o serveis disponibles en aquests llocs enlla\u00e7ats.<\/p>\n\n\n\n<p>Aix\u00ed mateix, tampoc garantir\u00e0 la disponibilitat t\u00e8cnica, exactitud, veracitat, validesa o legalitat de llocs aliens a la seva propietat a qu\u00e8 es pugui accedir per mitj\u00e0 dels enlla\u00e7os.<\/p>\n\n\n\n<p>Damas Catering en cap cas revisar\u00e0 o controlar\u00e0 el contingut d&#8217;altres llocs web, aix\u00ed com tampoc aprova, examina ni fa propis els productes i serveis, continguts, arxius i qualsevol altre material existent als referits llocs enlla\u00e7ats.<\/p>\n\n\n\n<p>Damas Catering no assumeix cap responsabilitat pels danys i perjudicis que poguessin produir-se per l&#8217;acc\u00e9s, \u00fas, qualitat o licitud dels continguts, comunicacions, opinions, productes i serveis dels llocs web no gestionats per Damas Catering i que siguin enlla\u00e7ats en aquest lloc web.<\/p>\n\n\n\n<p>L&#8217;usuari o tercer que faci un hiperenlla\u00e7 des d&#8217;una p\u00e0gina web d&#8217;un altre, diferent, lloc web al Lloc Web de Damas Catering haur\u00e0 de saber que:<\/p>\n\n\n\n<p>No es permet la reproducci\u00f3 \u2014totalment o parcialment\u2014 de cap dels continguts i\/o serveis del Lloc Web sense autoritzaci\u00f3 expressa de Damas Catering.<\/p>\n\n\n\n<p>No es permet tampoc cap manifestaci\u00f3 falsa, inexacta o incorrecta sobre el Lloc Web de Damas Catering, ni sobre els continguts i\/o serveis del mateix.<\/p>\n\n\n\n<p>A excepci\u00f3 de l&#8217;hiperenlla\u00e7, el lloc web en qu\u00e8 s&#8217;estableixi aquest hiperenlla\u00e7 no contindr\u00e0 cap element, d&#8217;aquest lloc web, protegit com a propietat intel\u00b7lectual per l&#8217;ordenament jur\u00eddic espanyol, llevat d&#8217;autoritzaci\u00f3 expressa de Damas Catering.<\/p>\n\n\n\n<p>L&#8217;establiment de l&#8217;hiperenlla\u00e7 no implicar\u00e0 l&#8217;exist\u00e8ncia de relacions entre Damas Catering i el titular del lloc web des del qual es realitzi, ni el coneixement i l&#8217;acceptaci\u00f3 de Damas Catering dels continguts, serveis i\/o activitats ofertes en aquest lloc web, i viceversa .<\/p>\n\n\n\n<p>V. PROPIETAT INTEL\u00b7LECTUAL I INDUSTRIAL<br>Damas Catering per si o com a part cession\u00e0ria, \u00e9s titular de tots els drets de propietat intel\u00b7lectual i industrial del lloc web, aix\u00ed com dels elements continguts en aquest (a t\u00edtol enunciatiu i no exhaustiu, imatges, so, \u00e0udio, v\u00eddeo, programari o textos, marques o logotips, combinacions de colors, estructura i disseny, selecci\u00f3 de materials usats, programes dordinador necessaris per al seu funcionament, acc\u00e9s i \u00fas, etc.). Seran, per tant, obres protegides com a propietat intel\u00b7lectual per l&#8217;ordenament jur\u00eddic espanyol, i els seran aplicables tant la normativa espanyola i comunit\u00e0ria en aquest camp, com els tractats internacionals relatius a la mat\u00e8ria i subscrits per Espanya. <\/p>\n\n\n\n<p>Tots els drets reservats. En virtut del que disposa la Llei de propietat intel\u00b7lectual, queden expressament prohibides la reproducci\u00f3, la distribuci\u00f3 i la comunicaci\u00f3 p\u00fablica, inclosa la seva modalitat de posada a disposici\u00f3, de la totalitat o part dels continguts d&#8217;aquesta p\u00e0gina web, amb fins comercials, en qualsevol suport i per qualsevol mitj\u00e0 t\u00e8cnic, sense lautoritzaci\u00f3 de Damas Catering. <\/p>\n\n\n\n<p>L&#8217;usuari es compromet a respectar els drets de propietat intel\u00b7lectual i industrial de Damas Catering. Podreu visualitzar els elements del lloc web o fins i tot imprimir-los, copiar-los i emmagatzemar-los al disc dur del vostre ordinador o en qualsevol altre suport f\u00edsic sempre que sigui, exclusivament, per al seu \u00fas personal. L&#8217;usuari, per\u00f2, no podr\u00e0 suprimir, alterar, o manipular qualsevol dispositiu de protecci\u00f3 o sistema de seguretat que estigu\u00e9s instal\u00b7lat al lloc web.  <\/p>\n\n\n\n<p>En cas que l&#8217;Usuari o tercer consideri que qualsevol dels continguts del lloc web suposi una violaci\u00f3 dels drets de protecci\u00f3 de la propietat intel\u00b7lectual, ho haur\u00e0 de comunicar immediatament a Damas Catering a trav\u00e9s de les dades de contacte de l&#8217;apartat d&#8217;INFORMACI\u00d3 GENERAL d&#8217;aquest av\u00eds legal i condicions generals d\u00fas.<\/p>\n\n\n\n<p>VI. ACCIONS LEGALS, LEGISLACI\u00d3 APLICABLE I JURISDICCI\u00d3<br>Damas Catering es reserva la facultat de presentar les accions civils o penals que consideri necess\u00e0ries per la utilitzaci\u00f3 indeguda del lloc web i continguts, o per l&#8217;incompliment de les presents Condicions. <\/p>\n\n\n\n<p>La relaci\u00f3 entre l&#8217;usuari i Damas Catering es regir\u00e0 per la normativa vigent i aplicable al territori espanyol. Si sorgeix qualsevol controv\u00e8rsia en relaci\u00f3 amb la interpretaci\u00f3 i\/o l&#8217;aplicaci\u00f3 d&#8217;aquestes Condicions, les parts sotmetran els seus conflictes a la jurisdicci\u00f3 ordin\u00e0ria sotmetent-se als jutges i tribunals que corresponguin d&#8217;acord amb el dret. <\/p>\n\n\n\n<p><\/p>\n\t\t\t\t\t\t\t\t<\/div>\n\t\t\t\t<\/div>\n\t\t\t\t\t<\/div>\n\t\t\t\t<\/div>\n\t\t\t\t<\/div>\n\t\t","protected":false},"excerpt":{"rendered":"<p>AV\u00cdS LEGAL I CONDICIONS GENERALS D&#8217;\u00daShttps:\/\/ddamascatering.com\/I. INFORMACI\u00d3 GENERAL En compliment amb el deure informaci\u00f3 disposat a la Llei 34\/2002 de Serveis de la Societat de la Informaci\u00f3 i el Comer\u00e7 Electr\u00f2nic (LSSI-CE) d&#8217;11 de juliol, es faciliten a continuaci\u00f3 les dades d&#8217;informaci\u00f3 general seg\u00fcents d&#8217;aquest lloc web : La titularitat d&#8217;aquest lloc web, https:\/\/ddamascatering.com\/, (d&#8217;ara [&hellip;]<\/p>\n","protected":false},"author":3,"featured_media":0,"parent":0,"menu_order":0,"comment_status":"closed","ping_status":"closed","template":"","meta":{"_joinchat":[],"footnotes":""},"class_list":["post-3457","page","type-page","status-publish","hentry"],"yoast_head":"<!-- This site is optimized with the Yoast SEO plugin v27.4 - https:\/\/yoast.com\/product\/yoast-seo-wordpress\/ -->\n<title>Av\u00eds legal i condicions d&#039;\u00fas - Ddamas Catering<\/title>\n<meta name=\"robots\" content=\"noindex, follow\" \/>\n<meta property=\"og:locale\" content=\"ca_ES\" \/>\n<meta property=\"og:type\" content=\"article\" \/>\n<meta property=\"og:title\" content=\"Av\u00eds legal i condicions d&#039;\u00fas - Ddamas Catering\" \/>\n<meta property=\"og:description\" content=\"AV\u00cdS LEGAL I CONDICIONS GENERALS D&#8217;\u00daShttps:\/\/ddamascatering.com\/I. INFORMACI\u00d3 GENERAL En compliment amb el deure informaci\u00f3 disposat a la Llei 34\/2002 de Serveis de la Societat de la Informaci\u00f3 i el Comer\u00e7 Electr\u00f2nic (LSSI-CE) d&#8217;11 de juliol, es faciliten a continuaci\u00f3 les dades d&#8217;informaci\u00f3 general seg\u00fcents d&#8217;aquest lloc web : La titularitat d&#8217;aquest lloc web, https:\/\/ddamascatering.com\/, (d&#8217;ara [&hellip;]\" \/>\n<meta property=\"og:url\" content=\"https:\/\/ddamascatering.com\/ca\/avis-legal-i-condicions-dus\/\" \/>\n<meta property=\"og:site_name\" content=\"Ddamas Catering\" \/>\n<meta property=\"article:publisher\" content=\"https:\/\/www.facebook.com\/DDamasCatering\/\" \/>\n<meta property=\"article:modified_time\" content=\"2026-03-19T10:57:17+00:00\" \/>\n<meta property=\"og:image\" content=\"https:\/\/ddamascatering.com\/wp-content\/uploads\/2024\/04\/cropped-logo-grande.png\" \/>\n\t<meta property=\"og:image:width\" content=\"998\" \/>\n\t<meta property=\"og:image:height\" content=\"998\" \/>\n\t<meta property=\"og:image:type\" content=\"image\/png\" \/>\n<meta name=\"twitter:card\" content=\"summary_large_image\" \/>\n<meta name=\"twitter:label1\" content=\"Temps estimat de lectura\" \/>\n\t<meta name=\"twitter:data1\" content=\"9 minuts\" \/>\n<script type=\"application\/ld+json\" class=\"yoast-schema-graph\">{\"@context\":\"https:\\\/\\\/schema.org\",\"@graph\":[{\"@type\":\"WebPage\",\"@id\":\"https:\\\/\\\/ddamascatering.com\\\/ca\\\/avis-legal-i-condicions-dus\\\/\",\"url\":\"https:\\\/\\\/ddamascatering.com\\\/ca\\\/avis-legal-i-condicions-dus\\\/\",\"name\":\"Av\u00eds legal i condicions d'\u00fas - Ddamas Catering\",\"isPartOf\":{\"@id\":\"https:\\\/\\\/ddamascatering.com\\\/ca\\\/#website\"},\"datePublished\":\"2024-04-01T09:13:30+00:00\",\"dateModified\":\"2026-03-19T10:57:17+00:00\",\"breadcrumb\":{\"@id\":\"https:\\\/\\\/ddamascatering.com\\\/ca\\\/avis-legal-i-condicions-dus\\\/#breadcrumb\"},\"inLanguage\":\"ca\",\"potentialAction\":[{\"@type\":\"ReadAction\",\"target\":[\"https:\\\/\\\/ddamascatering.com\\\/ca\\\/avis-legal-i-condicions-dus\\\/\"]}]},{\"@type\":\"BreadcrumbList\",\"@id\":\"https:\\\/\\\/ddamascatering.com\\\/ca\\\/avis-legal-i-condicions-dus\\\/#breadcrumb\",\"itemListElement\":[{\"@type\":\"ListItem\",\"position\":1,\"name\":\"Home\",\"item\":\"https:\\\/\\\/ddamascatering.com\\\/ca\\\/\"},{\"@type\":\"ListItem\",\"position\":2,\"name\":\"Av\u00eds legal i condicions d&#8217;\u00fas\"}]},{\"@type\":\"WebSite\",\"@id\":\"https:\\\/\\\/ddamascatering.com\\\/ca\\\/#website\",\"url\":\"https:\\\/\\\/ddamascatering.com\\\/ca\\\/\",\"name\":\"Ddamas Catering\",\"description\":\"Catering para fiestas, bodas y empresas\",\"publisher\":{\"@id\":\"https:\\\/\\\/ddamascatering.com\\\/ca\\\/#organization\"},\"alternateName\":\"Catering Ddamas\",\"potentialAction\":[{\"@type\":\"SearchAction\",\"target\":{\"@type\":\"EntryPoint\",\"urlTemplate\":\"https:\\\/\\\/ddamascatering.com\\\/ca\\\/?s={search_term_string}\"},\"query-input\":{\"@type\":\"PropertyValueSpecification\",\"valueRequired\":true,\"valueName\":\"search_term_string\"}}],\"inLanguage\":\"ca\"},{\"@type\":\"Organization\",\"@id\":\"https:\\\/\\\/ddamascatering.com\\\/ca\\\/#organization\",\"name\":\"Ddamas Catering\",\"url\":\"https:\\\/\\\/ddamascatering.com\\\/ca\\\/\",\"logo\":{\"@type\":\"ImageObject\",\"inLanguage\":\"ca\",\"@id\":\"https:\\\/\\\/ddamascatering.com\\\/ca\\\/#\\\/schema\\\/logo\\\/image\\\/\",\"url\":\"https:\\\/\\\/ddamascatering.com\\\/wp-content\\\/uploads\\\/2024\\\/04\\\/cropped-logo-grande.png\",\"contentUrl\":\"https:\\\/\\\/ddamascatering.com\\\/wp-content\\\/uploads\\\/2024\\\/04\\\/cropped-logo-grande.png\",\"width\":998,\"height\":998,\"caption\":\"Ddamas Catering\"},\"image\":{\"@id\":\"https:\\\/\\\/ddamascatering.com\\\/ca\\\/#\\\/schema\\\/logo\\\/image\\\/\"},\"sameAs\":[\"https:\\\/\\\/www.facebook.com\\\/DDamasCatering\\\/\",\"https:\\\/\\\/www.instagram.com\\\/catering_ddamas\"]}]}<\/script>\n<!-- \/ Yoast SEO plugin. -->","yoast_head_json":{"title":"Av\u00eds legal i condicions d'\u00fas - Ddamas Catering","robots":{"index":"noindex","follow":"follow"},"og_locale":"ca_ES","og_type":"article","og_title":"Av\u00eds legal i condicions d'\u00fas - Ddamas Catering","og_description":"AV\u00cdS LEGAL I CONDICIONS GENERALS D&#8217;\u00daShttps:\/\/ddamascatering.com\/I. INFORMACI\u00d3 GENERAL En compliment amb el deure informaci\u00f3 disposat a la Llei 34\/2002 de Serveis de la Societat de la Informaci\u00f3 i el Comer\u00e7 Electr\u00f2nic (LSSI-CE) d&#8217;11 de juliol, es faciliten a continuaci\u00f3 les dades d&#8217;informaci\u00f3 general seg\u00fcents d&#8217;aquest lloc web : La titularitat d&#8217;aquest lloc web, https:\/\/ddamascatering.com\/, (d&#8217;ara [&hellip;]","og_url":"https:\/\/ddamascatering.com\/ca\/avis-legal-i-condicions-dus\/","og_site_name":"Ddamas Catering","article_publisher":"https:\/\/www.facebook.com\/DDamasCatering\/","article_modified_time":"2026-03-19T10:57:17+00:00","og_image":[{"width":998,"height":998,"url":"https:\/\/ddamascatering.com\/wp-content\/uploads\/2024\/04\/cropped-logo-grande.png","type":"image\/png"}],"twitter_card":"summary_large_image","twitter_misc":{"Temps estimat de lectura":"9 minuts"},"schema":{"@context":"https:\/\/schema.org","@graph":[{"@type":"WebPage","@id":"https:\/\/ddamascatering.com\/ca\/avis-legal-i-condicions-dus\/","url":"https:\/\/ddamascatering.com\/ca\/avis-legal-i-condicions-dus\/","name":"Av\u00eds legal i condicions d'\u00fas - Ddamas Catering","isPartOf":{"@id":"https:\/\/ddamascatering.com\/ca\/#website"},"datePublished":"2024-04-01T09:13:30+00:00","dateModified":"2026-03-19T10:57:17+00:00","breadcrumb":{"@id":"https:\/\/ddamascatering.com\/ca\/avis-legal-i-condicions-dus\/#breadcrumb"},"inLanguage":"ca","potentialAction":[{"@type":"ReadAction","target":["https:\/\/ddamascatering.com\/ca\/avis-legal-i-condicions-dus\/"]}]},{"@type":"BreadcrumbList","@id":"https:\/\/ddamascatering.com\/ca\/avis-legal-i-condicions-dus\/#breadcrumb","itemListElement":[{"@type":"ListItem","position":1,"name":"Home","item":"https:\/\/ddamascatering.com\/ca\/"},{"@type":"ListItem","position":2,"name":"Av\u00eds legal i condicions d&#8217;\u00fas"}]},{"@type":"WebSite","@id":"https:\/\/ddamascatering.com\/ca\/#website","url":"https:\/\/ddamascatering.com\/ca\/","name":"Ddamas Catering","description":"Catering para fiestas, bodas y empresas","publisher":{"@id":"https:\/\/ddamascatering.com\/ca\/#organization"},"alternateName":"Catering Ddamas","potentialAction":[{"@type":"SearchAction","target":{"@type":"EntryPoint","urlTemplate":"https:\/\/ddamascatering.com\/ca\/?s={search_term_string}"},"query-input":{"@type":"PropertyValueSpecification","valueRequired":true,"valueName":"search_term_string"}}],"inLanguage":"ca"},{"@type":"Organization","@id":"https:\/\/ddamascatering.com\/ca\/#organization","name":"Ddamas Catering","url":"https:\/\/ddamascatering.com\/ca\/","logo":{"@type":"ImageObject","inLanguage":"ca","@id":"https:\/\/ddamascatering.com\/ca\/#\/schema\/logo\/image\/","url":"https:\/\/ddamascatering.com\/wp-content\/uploads\/2024\/04\/cropped-logo-grande.png","contentUrl":"https:\/\/ddamascatering.com\/wp-content\/uploads\/2024\/04\/cropped-logo-grande.png","width":998,"height":998,"caption":"Ddamas Catering"},"image":{"@id":"https:\/\/ddamascatering.com\/ca\/#\/schema\/logo\/image\/"},"sameAs":["https:\/\/www.facebook.com\/DDamasCatering\/","https:\/\/www.instagram.com\/catering_ddamas"]}]}},"_links":{"self":[{"href":"https:\/\/ddamascatering.com\/ca\/wp-json\/wp\/v2\/pages\/3457","targetHints":{"allow":["GET"]}}],"collection":[{"href":"https:\/\/ddamascatering.com\/ca\/wp-json\/wp\/v2\/pages"}],"about":[{"href":"https:\/\/ddamascatering.com\/ca\/wp-json\/wp\/v2\/types\/page"}],"author":[{"embeddable":true,"href":"https:\/\/ddamascatering.com\/ca\/wp-json\/wp\/v2\/users\/3"}],"replies":[{"embeddable":true,"href":"https:\/\/ddamascatering.com\/ca\/wp-json\/wp\/v2\/comments?post=3457"}],"version-history":[{"count":7,"href":"https:\/\/ddamascatering.com\/ca\/wp-json\/wp\/v2\/pages\/3457\/revisions"}],"predecessor-version":[{"id":3933,"href":"https:\/\/ddamascatering.com\/ca\/wp-json\/wp\/v2\/pages\/3457\/revisions\/3933"}],"wp:attachment":[{"href":"https:\/\/ddamascatering.com\/ca\/wp-json\/wp\/v2\/media?parent=3457"}],"curies":[{"name":"wp","href":"https:\/\/api.w.org\/{rel}","templated":true}]}}